{"id":612,"date":"2024-03-24T22:31:14","date_gmt":"2024-03-24T22:31:14","guid":{"rendered":"https:\/\/kamaun.at\/?page_id=612"},"modified":"2024-04-16T12:07:55","modified_gmt":"2024-04-16T11:07:55","slug":"market-hours-marktzeiten","status":"publish","type":"page","link":"https:\/\/kamaun.at\/index.php\/market-hours-marktzeiten\/","title":{"rendered":"Eingeschr\u00e4nkter Inhalt"},"content":{"rendered":"Diese Informationen sind nur f\u00fcr unsere Premium Mitglieder der <strong>K-IT PRO FX<\/strong> Trading Gruppe!\r\n\r\nWenn Sie Mitglied der Gruppe werden m\u00f6chten muss eine Empfehlung eines aktiven Members vorliegen bzw. eine g\u00fcltige Anmeldung durch einen Administrator.\r\n\r\nBitte beachten, dass eine Anmeldung nur mit Klarnamen m\u00f6glich sind und keine Fake oder Spitznamen erlaubt sind. Die Pr\u00fcfung erfolgt durch das <strong>K-IT PRO FX<\/strong> Team.\r\n\r\nSollte die Pr\u00fcfung negativ sein wird dieser Benutzer gesperrt und auch die damit verbundenen eingereichten Namen, Emailadressen und Telefonnummern. Die Sperre ist f\u00fcr 6 Monate aktiv, au\u00dfer sie wird von einem der Administratoren aufgehoben!\r\n\r\nNat\u00fcrlich sind s\u00e4mtliche Daten und Informationen vertraulich und werden von uns nicht an Dritte weitergegeben.\r\nWenn wir Empfehlungen zu Webseiten, Software oder Broker abgeben so ist es Aufgabe des Members auch dort die korrekten Daten einzugeben.\r\n\r\nK-IT PRO FX wird niemals seine Member au\u00dferhalb dieses Webangebotes kontaktieren und niemals zu einer Aktion auffordern bevor der Support von K-IT PRO FX durch die Member kontaktiert wurden!\r\n\r\nDurch diese Ma\u00dfnahme und weitere technische SCHUTZEINRICHTUNGEN sind alle Informationen st\u00e4ndig gesch\u00fctzt und werden nur entsprechend der Newsletter und Informationspflichten verwendet.\r\n\r\nBitte beachtet auch, dass s\u00e4mtliche Webseiten Einstellungen von unseren Member selbst verwaltet werden k\u00f6nnen, solange die technischen Funktionen dadurch nicht beeinflusst werden!\r\nNat\u00fcrlich sind damit auch die An- und Abmeldung dieses Angebots bis auch zur L\u00f6schung des Kontos durch die Member jederzeit m\u00f6glich.\r\n\r\nDurch das L\u00f6schen des Member Kontos werden auch s\u00e4mtliche Beitr\u00e4ge, Kommentare usw. ebenfalls gel\u00f6scht. Eine Wiederherstellung ist dann nicht mehr m\u00f6glich.\r\n\r\nNat\u00fcrlich k\u00f6nnen Member jederzeit eine Abfrage der \u00fcber Sie gespeicherten Daten abfragen und diese wird ihnen \u00fcblicherweise innerhalb von 5 Werktagen \u00fcbermittelt!\r\nBei aufrechten Member Konto beschr\u00e4nken wir diese Abfragen aus administrativen Gr\u00fcnden auf 1 Abfrage pro 6 Monate!\r\n\r\nBei weiteren Fragen wenden Sie sich an info@kamaun.at - eine Anmeldung ist nur mit vollst\u00e4ndigem Registrierungs-Formular, wie oben beschrieben m\u00f6glich.","protected":false},"excerpt":{"rendered":"","protected":false},"author":2,"featured_media":0,"parent":0,"menu_order":0,"comment_status":"closed","ping_status":"closed","template":"","meta":{"footnotes":""},"class_list":["post-612","page","type-page","status-publish","hentry"],"jetpack_sharing_enabled":true,"jetpack_shortlink":"https:\/\/wp.me\/Pa4fpK-9S","_links":{"self":[{"href":"https:\/\/kamaun.at\/index.php\/wp-json\/wp\/v2\/pages\/612","targetHints":{"allow":["GET"]}}],"collection":[{"href":"https:\/\/kamaun.at\/index.php\/wp-json\/wp\/v2\/pages"}],"about":[{"href":"https:\/\/kamaun.at\/index.php\/wp-json\/wp\/v2\/types\/page"}],"author":[{"embeddable":true,"href":"https:\/\/kamaun.at\/index.php\/wp-json\/wp\/v2\/users\/2"}],"replies":[{"embeddable":true,"href":"https:\/\/kamaun.at\/index.php\/wp-json\/wp\/v2\/comments?post=612"}],"version-history":[{"count":4,"href":"https:\/\/kamaun.at\/index.php\/wp-json\/wp\/v2\/pages\/612\/revisions"}],"predecessor-version":[{"id":1009,"href":"https:\/\/kamaun.at\/index.php\/wp-json\/wp\/v2\/pages\/612\/revisions\/1009"}],"wp:attachment":[{"href":"https:\/\/kamaun.at\/index.php\/wp-json\/wp\/v2\/media?parent=612"}],"curies":[{"name":"wp","href":"https:\/\/api.w.org\/{rel}","templated":true}]}}