{"id":564,"date":"2024-03-09T02:26:31","date_gmt":"2024-03-09T02:26:31","guid":{"rendered":"https:\/\/kamaun.at\/?page_id=564"},"modified":"2024-04-16T11:59:36","modified_gmt":"2024-04-16T10:59:36","slug":"basic-kitprofx-infos","status":"publish","type":"page","link":"https:\/\/kamaun.at\/index.php\/basic-kitprofx-infos\/","title":{"rendered":"Basic K-IT PRO FX Infos"},"content":{"rendered":"\n<p>Hier gibt es alle Begriffe und Informationen f\u00fcr die Benutzung der K-IT PRO FX Website.<br>Bitte beachten, dass wir diese Infos nur Premium Mitgliedern zur Verf\u00fcgung stellen und wir st\u00e4ndig an der Aktualisierung dieser Informationen arbeiten.<br>Wir garantieren keine Vollst\u00e4ndig- bzw. Richtigkeit und empfehlen allen Benutzern sich auch \u00fcber andere Quellen zu informieren!<\/p>\n\n\n\n<p><a href=\"#Risikohinweis\">Risikohinweis<\/a><\/p>\n\n\n\n<p><a href=\"#Disclaimer\">Disclaimer<\/a><br><br><\/p>\n\n\n<a name='name_directory_position3'><\/a><h3 class='name_directory_title'>Basic K-IT PRO FX Funktionen<\/h3><div class=\"name_directory_index\"><a class=\"name_directory_startswith\" href=\"https:\/\/kamaun.at\/index.php\/basic-kitprofx-infos\/?dir=3&name_directory_startswith=#name_directory_position3\">Alle<\/a> | <a class=\"name_directory_startswith \" href=\"https:\/\/kamaun.at\/index.php\/basic-kitprofx-infos\/?dir=3&name_directory_startswith=E#name_directory_position3\">E<\/a>  <a class=\"name_directory_startswith \" href=\"https:\/\/kamaun.at\/index.php\/basic-kitprofx-infos\/?dir=3&name_directory_startswith=F#name_directory_position3\">F<\/a>  <a class=\"name_directory_startswith \" href=\"https:\/\/kamaun.at\/index.php\/basic-kitprofx-infos\/?dir=3&name_directory_startswith=G#name_directory_position3\">G<\/a>  <a class=\"name_directory_startswith \" href=\"https:\/\/kamaun.at\/index.php\/basic-kitprofx-infos\/?dir=3&name_directory_startswith=M#name_directory_position3\">M<\/a>  <a class=\"name_directory_startswith \" href=\"https:\/\/kamaun.at\/index.php\/basic-kitprofx-infos\/?dir=3&name_directory_startswith=P#name_directory_position3\">P<\/a>  <a class=\"name_directory_startswith \" href=\"https:\/\/kamaun.at\/index.php\/basic-kitprofx-infos\/?dir=3&name_directory_startswith=T#name_directory_position3\">T<\/a> <br \/><form role='search' method='get' action='#name_directory_position3'><input type='search' autocomplete='off' aria-description='Die folgenden Verzeichnisse werden nach dem Absenden mit Ihren Suchkriterien \u00fcbereinstimmen' name='name-directory-search-value' id='name-directory-search-input-box' placeholder='Suchen nach...' \/><input type='hidden' name='dir' value='3' \/><input type='submit' id='name-directory-search-input-button' value='Suchen' \/><\/form><\/div><div class=\"name_directory_total\">Derzeit befinden sich 9 ProFX Infos in diesem Verzeichnis.<\/div><div class=\"name_directory_names\"><div class=\"name_directory_column name_directory_nr1\"><div class=\"name_directory_character_header\">E<\/div><hr \/><div class=\"name_directory_name_box\"><a name=\"namedirectory_EconomicKalender\"><\/a><strong role=\"term\">Economic Kalender<\/strong><br><div role=\"definition\">Der pers\u00f6nliche Economic - also Wirtschaftskalender ist von K-IT PRO FX so eingestellt, dass nur die wichtigsten Ereignisse des Tages angezeigt werden.<br \/>\r\n<br \/>\r\nDer Vorteil f\u00fcr Mitglieder ist, dass die Zeiten bereits auf unseren Standort angepasst sind also GMT+1 und Ihr dadurch bereits in der Fr\u00fch kontrollieren k\u00f6nnt was an diesem Handelstag ansteht.<br \/>\r\n<br \/>\r\nGerade beim Daytrading, Scalping bzw. auch Newstrading ist es ungemein wichtig, dass man diese Zeiten genau kennt da meistens nur wenige Minuten bleiben um erhebliche Chartbewegungnen mitmachen zu k\u00f6nnen.<br \/>\r\n<br \/>\r\nBeispielsweise wenn die US FED Ihre Monatsdaten bekannt gibt passiert das immer um 14:30 und bei den Quartalszahlen um 19:00 Uhr, das bedeutet, dass bei den Monatsdaten die Londoner B\u00f6rse und auch NewYork ge\u00f6ffnet sind, bei den Quartalszahlen aber nur mehr NewYork! F\u00fcr das Handelsvolumen ist das ganz entscheidend.<\/div><\/div><hr \/><div class=\"name_directory_character_header\">F<\/div><hr \/><div class=\"name_directory_name_box\"><a name=\"namedirectory_ForexHeatmap\"><\/a><strong role=\"term\">Forex Heatmap<\/strong><br><div role=\"definition\">Um Euch einen schnellen \u00dcberblick zu erm\u00f6glichen habt Ihr hier Zugriff auf eine Heatmap mit den wichtigsten Forexpaaren!<br \/>\r\n<br \/>\r\nK-IT PRO FX stellt Euch alle Informationen als Browserl\u00f6sung zur Verf\u00fcgung so dass Ihr einfach 4-6 Browser Fenster \u00f6ffnet um einen gesamten \u00dcberblick auf alle ben\u00f6tigten Daten habt.<\/div><\/div><hr \/><div class=\"name_directory_name_box\"><a name=\"namedirectory_FXSpot\"><\/a><strong role=\"term\">FX Spot<\/strong><br><div role=\"definition\">Hier gibt es die wichtigsten FX W\u00e4hrungs \u2013 und Kryptopaare und nat\u00fcrlich auch den GOLD auxusd Spot!<br \/>\r\n<br \/>\r\nDer SPOT zeigt Euch die aktuellen Infos auf einen Klick, kein langes Suchen, einfach die wichtigsten FX Paare, Kryptos und Gold anzeigen!<br \/>\r\n<br \/>\r\nAuch hier liegt die Aktualisierung bei ca. 5 Sek.<\/div><\/div><hr \/><div class=\"name_directory_character_header\">G<\/div><hr \/><div class=\"name_directory_name_box\"><a name=\"namedirectory_GoldAnalyseSELLampBUY\"><\/a><strong role=\"term\">Gold Analyse SELL &amp; BUY<\/strong><br><div role=\"definition\">Technische Analyse zu GOLD \u2013 die wichtigsten Infos zum Daytrading - Schnell und aktuell!<br \/>\r\nIn diesem Widget werden 26 Indikatoren ausgewertet um den vermutlich aktuellen Trend anzuzeigen.<br \/>\r\nDie technische Analyse besteht unter anderem aus EMA, SMA, Stochastic Oscilator usw. und erm\u00f6glicht somit eine einfache M\u00f6glichkeit aktuelle Trends abzulesen.<br \/>\r\nDie Indikatoren werden in SELL, BUY und NEUTRAL abgebildet und je klarer, st\u00e4rker der Trend desto mehr Indikatoren.<br \/>\r\nBei neutralen, durchschnittlichen Bewertungen empfiehlt K-IT PRO FX nicht zu handeln, da es meist eine Seitw\u00e4rtsbewegung anzeigt.<br \/>\r\nEbenfalls ist es auch wichtig immer mehrere Indikatoren zur Entscheidungsfindung heranzuziehen und sich nicht ausschlie\u00dflich auf ein Instrument zu verlassen! Die Info unterst\u00fctzt und sollte nur Teil jeder technischen Analyse sein!<\/div><\/div><hr \/><div class=\"name_directory_name_box\"><a name=\"namedirectory_GoldChart\"><\/a><strong role=\"term\">Gold Chart<\/strong><br><div role=\"definition\">Hier habt Ihr ein pers\u00f6nliches Chart f\u00fcr Gold, welches Ihr vollst\u00e4ndig online verwenden k\u00f6nnt!<br \/>\r\nIhr k\u00f6nnt Trends einzeichnen und s\u00e4mtliche Indikatoren anwenden, nat\u00fcrlich funktioniert auch das setzen von LONGS und SHORTS - diese werden aber nicht ausgef\u00fchrt!<br \/>\r\n<br \/>\r\nDer Vorteil, Ihr k\u00f6nnt hier Eure Trading Strategie \u00fcben, Trends einzeichnen, Unterst\u00fctzungs- und Widerstandslevel einzeichnen, nat\u00fcrlich auch Fibonacci und weitere Pivot Points.<br \/>\r\n<br \/>\r\nWichtig dabei ist es funktioniert \u00fcberall und in jedem modernen Browser so, dass ihr theoretisch auf dem Smartphone, Tablet oder auch im B\u00fcro jederzeit darauf zugreifen k\u00f6nnt.<br \/>\r\nEs ben\u00f6tigt keine zus\u00e4tzliche Software und keine speziellen Ger\u00e4te um bei Euren Trades immer aktuell zu sein und als Daytrader auch schnell reagieren zu k\u00f6nnen.<br \/>\r\n<br \/>\r\nDie Aktualisierung liegt hier etwa bei 5 Sek. und wird von TradingView supportet!<\/div><\/div><hr \/><div class=\"name_directory_character_header\">M<\/div><hr \/><div class=\"name_directory_name_box\"><a name=\"namedirectory_MarktSitzungenBrsenzeiten\"><\/a><strong role=\"term\">Markt Sitzungen B\u00f6rsenzeiten<\/strong><br><div role=\"definition\"><p lang=\"de\">Es gibt vier Handelssitzungen auf dem Forex, CFD -Markt:<\/p><br \/>\r\n<strong>Sydney<\/strong> ist von 21:00 Uhr bis 06:00 Uhr ge\u00f6ffnet (GMT +11h)<br \/>\r\n<strong>GTM+1 = 21:00 - 6:00 Uhr (also +10h \/ Sommerzeit +11h)<\/strong><br \/>\r\nUTC = 7:00 - 16:00 Uhr<br \/>\r\n<br \/>\r\n<strong>Tokio<\/strong> ist von 01:00 bis 10:00 Uhr ge\u00f6ffnet (GMT +9)<br \/>\r\n<strong>GTM+1 = 01:00 - 10:00 Uhr (also +8h \/ Sommerzeit +7h)<\/strong><br \/>\r\nUTC = 9:00 - 18:00 Uhr<br \/>\r\n<br \/>\r\n<strong>London<\/strong> ist von 9:00 Uhr bis 18:00 Uhr ge\u00f6ffnet (GMT +-0)<br \/>\r\n<strong>GTM+1 = 9:00 - 18:00 Uhr (also -1h \/ Sommerzeit -1h)<\/strong><br \/>\r\nUTC = 8:00 - 17:00 Uhr<br \/>\r\n<br \/>\r\n<strong>New York<\/strong> ist von 13:00 bis 22:00 Uhr ge\u00f6ffnet (GMT -5)<br \/>\r\n<strong>GTM+1 = 13:00 - 22:00 Uhr (also -5h \/ Sommerzeit -4h)<\/strong><br \/>\r\nUTC = 8:00 - 17:00 Uhr<br \/>\r\n<br \/>\r\nDie Besten Handelszeiten sind gr\u00fcn markiert, zu diesen Zeiten ist das Handelsvolumen am h\u00f6chsten. Nat\u00fcrlich kann auch in den Nebenzeiten gehandelt werden. Theoretisch ist der Handel 24h \/ 5 Tage die Woche m\u00f6glich.<br \/>\r\n<br \/>\r\n<img loading=\"lazy\" decoding=\"async\" class=\"alignnone size-large wp-image-611\" src=\"https:\/\/kamaun.at\/wp-content\/uploads\/2024\/03\/IMG_0215-1024x645.jpeg\" alt=\"Markt \u00d6ffnungszeiten f\u00fcr den Devisenhandel\" width=\"1024\" height=\"645\" srcset=\"https:\/\/kamaun.at\/wp-content\/uploads\/2024\/03\/IMG_0215-1024x645.jpeg 1024w, https:\/\/kamaun.at\/wp-content\/uploads\/2024\/03\/IMG_0215-300x189.jpeg 300w, https:\/\/kamaun.at\/wp-content\/uploads\/2024\/03\/IMG_0215-768x484.jpeg 768w, https:\/\/kamaun.at\/wp-content\/uploads\/2024\/03\/IMG_0215.jpeg 1320w\" sizes=\"auto, (max-width: 1024px) 100vw, 1024px\" \/><\/div><\/div><hr \/><div class=\"name_directory_character_header\">P<\/div><hr \/><div class=\"name_directory_name_box\"><a name=\"namedirectory_PersonalMarket\"><\/a><strong role=\"term\">Personal Market<\/strong><br><div role=\"definition\">Hier findet Ihr eine Markt\u00fcbersicht aller von K-IT PRO FX zur Verf\u00fcgung gestellten Signale!<br \/>\r\nBitte beachten, dass nicht immer alle Signale zur Verf\u00fcgung gestellt werden.<br \/>\r\n<br \/>\r\nHaupts\u00e4chlich besch\u00e4ftigen wir uns mit GOLD \/ XAUUSD gehandelt als Paar mit dem US Dollar und versuchen auch wirklich t\u00e4glich daf\u00fcr Signale zur Verf\u00fcgung zu stellen.<br \/>\r\n<br \/>\r\nNat\u00fcrlich richten wir uns hier nach den Marktgegebenheiten und bei zu hoher Volatilit\u00e4t kann es auch sein, dass es keine Signale gibt. Nat\u00fcrlich informieren wir Euch dar\u00fcber zeitgerecht!<br \/>\r\n<br \/>\r\nACHTUNG - K-IT PRO FX kann keine t\u00e4glichen Signale garantieren, da dies stark marktabh\u00e4ngig ist und wir versuchen zuverl\u00e4ssige Informationen anzubieten.<br \/>\r\n\u00dcblicherweise erreichen wir dadurch eine positive Tradingquote von 70%<\/div><\/div><hr \/><div class=\"name_directory_character_header\">T<\/div><hr \/><div class=\"name_directory_name_box\"><a name=\"namedirectory_Tools\"><\/a><strong role=\"term\">Tools<\/strong><br><div role=\"definition\">Hier findet ihr Tools wie:<br \/>\r\n<br \/>\r\nPip &amp; Risiko Rechner<br \/>\r\nGewinn Rechner<br \/>\r\nFibonacci Rechner<br \/>\r\nForex Heatmap<br \/>\r\nGold &amp; BXN Spot<br \/>\r\nGold Chart<br \/>\r\nPersonal Market<br \/>\r\nB\u00f6rsenfeiertage<br \/>\r\n<br \/>\r\nEine Kurzbeschreibung gibt es <a href=\"https:\/\/kamaun.at\/index.php\/tools\/\" target=\"_blank\" rel=\"noopener\">hier (anklicken)<\/a><\/div><\/div><hr \/><div class=\"name_directory_name_box\"><a name=\"namedirectory_TradingWissen\"><\/a><strong role=\"term\">Trading Wissen<\/strong><br><div role=\"definition\">Unter dem Men\u00fcpunkt Trading-Wissen finden Mitglieder alle wichtigen Begriffe die zum Handeln mit CFD und der Benutzung von Tradingsoftware wie MT4 und MT5 notwendig sind.<br \/>\r\n<br \/>\r\nK-IT PRO FX empfiehlt allen Mitgliedern sich dieses Wissen anzueignen um auch bei der Bedienung der Trading Software sicher zu sein. Es muss allen klar sein, dass falsche Entscheidungen im CFD Handel sehr gro\u00dfe Konsequenzen haben kann, die auch bis zur Schliessung des Tradingkontos f\u00fchren k\u00f6nnen.<br \/>\r\nDurchschnittlich verlieren 75% aller Kleinanleger durch den CFD Handel Geld und beenden frustriert innerhalb eines Jahres ihre Trading Karriere!<br \/>\r\nK-IT PRO FX versucht mit dieser Seite den Mitgliedern das notwendige Wissen zu vermitteln um auch wirklich erfolgreich sein zu k\u00f6nnen.<br \/>\r\n<br \/>\r\nDurch ein gewisses Basiswissen ist auch die Umsetzung von Signalen einfacher um gerade im Daytrading und Scalping k\u00f6nnen Sekunden \u00fcber hohe Ertr\u00e4ge bzw. Verluste entscheiden!<br \/>\r\n<br \/>\r\nK-IT PRO FX arbeitet auch an einem Online-Test - damit Mitglieder Ihr Wissen auch \u00fcberpr\u00fcfen k\u00f6nnen! Dieser Test wird per Zufall erstellt und besteht immer nur aus wenigen Fragen, so dass Ihr jederzeit einen weiteren Test starten k\u00f6nnt um das eigene Wissen zu festigen!<br \/>\r\n<br \/>\r\nMT4 - Metatrader Version 4<br \/>\r\nMT5 - Metatrader Version 5<\/div><\/div><\/div><\/div><style>\r\n        .name_directory_readmore_state ~ .name_directory_readmore_trigger:before {\r\n            content: '... Mehr anzeigen';\r\n        }\r\n       \r\n        .name_directory_readmore_state:checked ~ .name_directory_readmore_trigger:before {\r\n            content: 'Weniger anzeigen';\r\n        }\r\n        <\/style>\n\n\n\n<br><br><br><hr>\n\n\n\n<p id=\"Risikohinweis\">Der Handel mit Futures, Aktien, Devisen und CFDs auf Margin ist mit sehr hohem Risiko verbunden und m\u00f6glicherweise nicht f\u00fcr Dich geeignet, da die Verluste Dein eingesetztes Kapital \u00fcbersteigen k\u00f6nnen. Der Hebel kann gegen Dich arbeiten. Spekuliere nicht mit Kapital, dessen Verlust Du dir nicht leisten kannst. Sei Dir aller Risiken bewusst und verstehen alle Risiken, die mit diesem Markt und dem Handel zusammenh\u00e4ngen. kamaun.at \u2013 K-IT PRO FX kann allgemeine Hinweise zur Verf\u00fcgung stellen, die nicht als Anlageberatung gedacht sind und nicht als solche ausgelegt werden d\u00fcrfen. Bitte konsultiere einen unabh\u00e4ngigen Finanzberater. kamaun.at \u2013 K-IT PRO FX \u00fcbernimmt keine Haftung f\u00fcr Fehler, Ungenauigkeiten oder Unterlassungen; garantiert weder die Richtigkeit noch Vollst\u00e4ndigkeit der Informationen, Texte, Grafiken, Links oder anderer Angaben die in diesen Unterlagen enthalten sind.<\/p>\n\n\n\n<p>Bitte beachten, dass mehr als 70% aller Kleinanleger ihr Kapital verlieren, da nicht ausreichend Wissen f\u00fcr diese Finanzprodukte vorhanden ist. Passe st\u00e4ndig Deine Hebel und die Margin Deinem Konto entsprechend an und verstehe das damit verbundene Risiko!<br>K-IT PRO FX stellt seinen Mitgliedern sehr viele Lehrunterlagen zur Verf\u00fcgung und betreut auch gerne pers\u00f6nlich, dies bedeutet jedoch nicht automatisch, dass dadurch alle Finanzinstrumente verstanden werden!<\/p>\n\n\n\n<p id=\"Disclaimer\"><strong>Disclaimer:<\/strong><br>Alle Angaben geben die spezifischen Erlebnisse unserer Member sowie die pers\u00f6nliche Einsch\u00e4tzung von K-IT Pro FX wieder. Ich\/Wir versprechen NICHT, dass Du sofort und in jedem Fall das gleiche Ergebnis erzielen kannst\/wirst. Aber ich werde pers\u00f6nliche Tipps zur Verf\u00fcgung stellen, die in jedem Fall beim Aufbau eines Trading Business helfen. Nat\u00fcrlich sind die Infos durch langj\u00e4hrige Erfahrung bzw. Fundamental- und Chart Analysen und den Austausch mit Experten entstanden. Beitr\u00e4ge unserer Member werden nur auf die allgemeinen Richtlinien gegen Hass und Diskriminierung gepr\u00fcft! Die Inhalte bleiben unverf\u00e4lscht und werden auch so wieder gegeben bzw. eingestellt! Bitte beachten, dass diese Infos keine Garantie f\u00fcr neuerlichen bzw. gleichen Erfolg darstellen sollen!<\/p>\n","protected":false},"excerpt":{"rendered":"<p>Hier gibt es alle Begriffe und Informationen f\u00fcr die Benutzung der K-IT PRO FX Website.Bitte beachten, dass wir diese Infos nur Premium Mitgliedern zur Verf\u00fcgung stellen und wir st\u00e4ndig an der Aktualisierung dieser Informationen arbeiten.Wir garantieren keine Vollst\u00e4ndig- bzw. Richtigkeit und empfehlen allen Benutzern sich auch \u00fcber andere Quellen zu informieren! Risikohinweis Disclaimer Der Handel&hellip; <br \/> <a class=\"read-more\" href=\"https:\/\/kamaun.at\/index.php\/basic-kitprofx-infos\/\">Read more<\/a><\/p>\n","protected":false},"author":2,"featured_media":0,"parent":0,"menu_order":0,"comment_status":"closed","ping_status":"closed","template":"","meta":{"footnotes":""},"class_list":["post-564","page","type-page","status-publish","hentry"],"jetpack_sharing_enabled":true,"jetpack_shortlink":"https:\/\/wp.me\/Pa4fpK-96","_links":{"self":[{"href":"https:\/\/kamaun.at\/index.php\/wp-json\/wp\/v2\/pages\/564","targetHints":{"allow":["GET"]}}],"collection":[{"href":"https:\/\/kamaun.at\/index.php\/wp-json\/wp\/v2\/pages"}],"about":[{"href":"https:\/\/kamaun.at\/index.php\/wp-json\/wp\/v2\/types\/page"}],"author":[{"embeddable":true,"href":"https:\/\/kamaun.at\/index.php\/wp-json\/wp\/v2\/users\/2"}],"replies":[{"embeddable":true,"href":"https:\/\/kamaun.at\/index.php\/wp-json\/wp\/v2\/comments?post=564"}],"version-history":[{"count":4,"href":"https:\/\/kamaun.at\/index.php\/wp-json\/wp\/v2\/pages\/564\/revisions"}],"predecessor-version":[{"id":1004,"href":"https:\/\/kamaun.at\/index.php\/wp-json\/wp\/v2\/pages\/564\/revisions\/1004"}],"wp:attachment":[{"href":"https:\/\/kamaun.at\/index.php\/wp-json\/wp\/v2\/media?parent=564"}],"curies":[{"name":"wp","href":"https:\/\/api.w.org\/{rel}","templated":true}]}}