{"id":3783,"date":"2024-06-14T05:55:57","date_gmt":"2024-06-14T04:55:57","guid":{"rendered":"https:\/\/kamaun.at\/?page_id=3783"},"modified":"2024-08-14T14:25:15","modified_gmt":"2024-08-14T13:25:15","slug":"news-trading","status":"publish","type":"page","link":"https:\/\/kamaun.at\/index.php\/news-trading\/","title":{"rendered":"News-Trading mit K-IT PRO FX"},"content":{"rendered":"\n\n      <a href=\"https:\/\/tracking.avapartner.com\/imp\/click\/?affid=200321&#038;bannerid=35985&#038;adTheme=790&#038;campaign=205481&#038;campaignName=Default%20Campaign&#038;tag=200321&#038;netclickid=200321\" target=\"_blank\" rel=\"noopener\">\n        <img decoding=\"async\" src=\"https:\/\/tracking.avapartner.com\/imp\/?affid=200321&#038;bannerid=35985&#038;adTheme=790&#038;campaign=205481&#038;campaignName=Default%20Campaign&#038;tag=200321&#038;netclickid=200321\">\n      <\/a>\n    \n\n\n\n<p>Hier ein Beispiel f\u00fcr den Ablauf eines News-Trading f\u00fcr die Member von K-IT PRO FX!<br>Wir verwenden aktuell einen Telegramm Channel bzw. auch eine WhatsApp Gruppe.<\/p>\n\n\n\n<p>Das Ereignis war die FOMC also die Zinsentscheidung der FED USA vom 12.6.2024 und die Pressekonferenz mit Chairman Powell!<\/p>\n\n\n\n<p>Es beginnt in der Gruppe mit dem Hinweis einen SELL zu setzen, das bedeutet eine einfache Market-Order ohne TP(Take-Profit) und SL (Stopp-Loss) Angabe! <br>Dazu eine Grafik des aktuellen XAUUSD Chart mit knapper Begr\u00fcndung.<\/p>\n\n\n\n<figure class=\"wp-block-image size-large\"><img loading=\"lazy\" decoding=\"async\" width=\"1024\" height=\"724\" data-attachment-id=\"3789\" data-permalink=\"https:\/\/kamaun.at\/index.php\/news-trading\/img_0382-2\/\" data-orig-file=\"https:\/\/kamaun.at\/wp-content\/uploads\/2024\/06\/IMG_0382-1-e1718336301774.jpeg\" data-orig-size=\"800,565\" data-comments-opened=\"1\" data-image-meta=\"{&quot;aperture&quot;:&quot;0&quot;,&quot;credit&quot;:&quot;&quot;,&quot;camera&quot;:&quot;&quot;,&quot;caption&quot;:&quot;&quot;,&quot;created_timestamp&quot;:&quot;0&quot;,&quot;copyright&quot;:&quot;&quot;,&quot;focal_length&quot;:&quot;0&quot;,&quot;iso&quot;:&quot;0&quot;,&quot;shutter_speed&quot;:&quot;0&quot;,&quot;title&quot;:&quot;&quot;,&quot;orientation&quot;:&quot;0&quot;}\" data-image-title=\"NewsTrading001\" data-image-description=\"&lt;p&gt;News-Trading f\u00fcr Member von K-IT PRO FX&lt;\/p&gt;\n\" data-image-caption=\"\" data-large-file=\"https:\/\/kamaun.at\/wp-content\/uploads\/2024\/06\/IMG_0382-1-1024x724.jpeg\" src=\"https:\/\/kamaun.at\/wp-content\/uploads\/2024\/06\/IMG_0382-1-1024x724.jpeg\" alt=\"News-Trading f\u00fcr Member von K-IT PRO FX\" class=\"wp-image-3789\"\/><\/figure>\n\n\n\n<figure class=\"wp-block-image size-large\"><img loading=\"lazy\" decoding=\"async\" width=\"1024\" height=\"758\" data-attachment-id=\"3788\" data-permalink=\"https:\/\/kamaun.at\/index.php\/news-trading\/img_0383\/\" data-orig-file=\"https:\/\/kamaun.at\/wp-content\/uploads\/2024\/06\/IMG_0383-e1718336335591.jpeg\" data-orig-size=\"800,592\" data-comments-opened=\"1\" data-image-meta=\"{&quot;aperture&quot;:&quot;0&quot;,&quot;credit&quot;:&quot;&quot;,&quot;camera&quot;:&quot;&quot;,&quot;caption&quot;:&quot;&quot;,&quot;created_timestamp&quot;:&quot;0&quot;,&quot;copyright&quot;:&quot;&quot;,&quot;focal_length&quot;:&quot;0&quot;,&quot;iso&quot;:&quot;0&quot;,&quot;shutter_speed&quot;:&quot;0&quot;,&quot;title&quot;:&quot;&quot;,&quot;orientation&quot;:&quot;1&quot;}\" data-image-title=\"NewsTrading002\" data-image-description=\"&lt;p&gt;News-Trading f\u00fcr Member von K-IT PRO FX&lt;\/p&gt;\n\" data-image-caption=\"\" data-large-file=\"https:\/\/kamaun.at\/wp-content\/uploads\/2024\/06\/IMG_0383-1024x758.jpeg\" src=\"https:\/\/kamaun.at\/wp-content\/uploads\/2024\/06\/IMG_0383-1024x758.jpeg\" alt=\"News-Trading f\u00fcr Member von K-IT PRO FX\" class=\"wp-image-3788\"\/><\/figure>\n\n\n\n<figure class=\"wp-block-image size-large\"><img loading=\"lazy\" decoding=\"async\" width=\"1024\" height=\"761\" data-attachment-id=\"3786\" data-permalink=\"https:\/\/kamaun.at\/index.php\/news-trading\/img_0384\/\" data-orig-file=\"https:\/\/kamaun.at\/wp-content\/uploads\/2024\/06\/IMG_0384-e1718336446700.jpeg\" data-orig-size=\"800,594\" data-comments-opened=\"1\" data-image-meta=\"{&quot;aperture&quot;:&quot;0&quot;,&quot;credit&quot;:&quot;&quot;,&quot;camera&quot;:&quot;&quot;,&quot;caption&quot;:&quot;&quot;,&quot;created_timestamp&quot;:&quot;0&quot;,&quot;copyright&quot;:&quot;&quot;,&quot;focal_length&quot;:&quot;0&quot;,&quot;iso&quot;:&quot;0&quot;,&quot;shutter_speed&quot;:&quot;0&quot;,&quot;title&quot;:&quot;&quot;,&quot;orientation&quot;:&quot;1&quot;}\" data-image-title=\"NewsTrading003\" data-image-description=\"&lt;p&gt;News-Trading f\u00fcr Member von K-IT PRO FX&lt;\/p&gt;\n\" data-image-caption=\"\" data-large-file=\"https:\/\/kamaun.at\/wp-content\/uploads\/2024\/06\/IMG_0384-1024x761.jpeg\" src=\"https:\/\/kamaun.at\/wp-content\/uploads\/2024\/06\/IMG_0384-1024x761.jpeg\" alt=\"News-Trading f\u00fcr Member von K-IT PRO FX\" class=\"wp-image-3786\"\/><\/figure>\n\n\n\n<figure class=\"wp-block-image size-large\"><img loading=\"lazy\" decoding=\"async\" width=\"1024\" height=\"779\" data-attachment-id=\"3785\" data-permalink=\"https:\/\/kamaun.at\/index.php\/news-trading\/img_0385\/\" data-orig-file=\"https:\/\/kamaun.at\/wp-content\/uploads\/2024\/06\/IMG_0385-e1718338159401.jpeg\" data-orig-size=\"800,608\" data-comments-opened=\"1\" data-image-meta=\"{&quot;aperture&quot;:&quot;0&quot;,&quot;credit&quot;:&quot;&quot;,&quot;camera&quot;:&quot;&quot;,&quot;caption&quot;:&quot;&quot;,&quot;created_timestamp&quot;:&quot;0&quot;,&quot;copyright&quot;:&quot;&quot;,&quot;focal_length&quot;:&quot;0&quot;,&quot;iso&quot;:&quot;0&quot;,&quot;shutter_speed&quot;:&quot;0&quot;,&quot;title&quot;:&quot;&quot;,&quot;orientation&quot;:&quot;1&quot;}\" data-image-title=\"NewsTrading004\" data-image-description=\"&lt;p&gt;News-Trading f\u00fcr Member von K-IT PRO FX&lt;\/p&gt;\n\" data-image-caption=\"\" data-large-file=\"https:\/\/kamaun.at\/wp-content\/uploads\/2024\/06\/IMG_0385-1024x779.jpeg\" src=\"https:\/\/kamaun.at\/wp-content\/uploads\/2024\/06\/IMG_0385-1024x779.jpeg\" alt=\"News-Trading f\u00fcr Member von K-IT PRO FX\" class=\"wp-image-3785\"\/><\/figure>\n\n\n\n<figure class=\"wp-block-image size-large\"><img loading=\"lazy\" decoding=\"async\" width=\"1024\" height=\"775\" data-attachment-id=\"3790\" data-permalink=\"https:\/\/kamaun.at\/index.php\/news-trading\/img_0386\/\" data-orig-file=\"https:\/\/kamaun.at\/wp-content\/uploads\/2024\/06\/IMG_0386-e1718337964835.jpeg\" data-orig-size=\"800,606\" data-comments-opened=\"1\" data-image-meta=\"{&quot;aperture&quot;:&quot;0&quot;,&quot;credit&quot;:&quot;&quot;,&quot;camera&quot;:&quot;&quot;,&quot;caption&quot;:&quot;&quot;,&quot;created_timestamp&quot;:&quot;0&quot;,&quot;copyright&quot;:&quot;&quot;,&quot;focal_length&quot;:&quot;0&quot;,&quot;iso&quot;:&quot;0&quot;,&quot;shutter_speed&quot;:&quot;0&quot;,&quot;title&quot;:&quot;&quot;,&quot;orientation&quot;:&quot;0&quot;}\" data-image-title=\"NewsTrading005\" data-image-description=\"&lt;p&gt;News-Trading f\u00fcr Member von K-IT PRO FX&lt;\/p&gt;\n\" data-image-caption=\"\" data-large-file=\"https:\/\/kamaun.at\/wp-content\/uploads\/2024\/06\/IMG_0386-1024x775.jpeg\" src=\"https:\/\/kamaun.at\/wp-content\/uploads\/2024\/06\/IMG_0386-1024x775.jpeg\" alt=\"News-Trading f\u00fcr Member von K-IT PRO FX\" class=\"wp-image-3790\"\/><\/figure>\n\n\n\n<div class=\"wp-block-cover\"><span aria-hidden=\"true\" class=\"wp-block-cover__background has-background-dim\"><\/span><img loading=\"lazy\" decoding=\"async\" width=\"472\" height=\"1024\" data-attachment-id=\"3795\" data-permalink=\"https:\/\/kamaun.at\/index.php\/news-trading\/img_4322\/\" data-orig-file=\"https:\/\/kamaun.at\/wp-content\/uploads\/2024\/06\/IMG_4322-e1718339203920.png\" data-orig-size=\"200,433\" data-comments-opened=\"1\" data-image-meta=\"{&quot;aperture&quot;:&quot;0&quot;,&quot;credit&quot;:&quot;&quot;,&quot;camera&quot;:&quot;&quot;,&quot;caption&quot;:&quot;&quot;,&quot;created_timestamp&quot;:&quot;0&quot;,&quot;copyright&quot;:&quot;&quot;,&quot;focal_length&quot;:&quot;0&quot;,&quot;iso&quot;:&quot;0&quot;,&quot;shutter_speed&quot;:&quot;0&quot;,&quot;title&quot;:&quot;&quot;,&quot;orientation&quot;:&quot;0&quot;}\" data-image-title=\"NewsTrading006\" data-image-description=\"&lt;p&gt;News-Trading f\u00fcr Member von K-IT PRO FX&lt;\/p&gt;\n\" data-image-caption=\"\" data-large-file=\"https:\/\/kamaun.at\/wp-content\/uploads\/2024\/06\/IMG_4322-472x1024.png\" class=\"wp-block-cover__image-background wp-image-3795\" alt=\"News-Trading f\u00fcr Member von K-IT PRO FX\" src=\"https:\/\/kamaun.at\/wp-content\/uploads\/2024\/06\/IMG_4322-472x1024.png\" data-object-fit=\"cover\"\/><div class=\"wp-block-cover__inner-container is-layout-flow wp-block-cover-is-layout-flow\">\n<p class=\"has-text-align-center has-large-font-size\">Hier seht Ihr Auszugsweise  die Trades  wie kurz diese teilweise sind, beim New-Trading ist Geschwindigkeit wichtig und so schnelles Trading nennt sich \u201escalping\u201c!<\/p>\n<\/div><\/div>\n\n\n\n<p><\/p>\n\n\n\n<p>Wie Ihr auf den Bildern sehen k\u00f6nnt gibt es Abweichungen bei den Zeiten, das liegt an den verwendeten Brokern und deren Server Standorten. Der letzte Trade war so gegen 20:47 Uhr nach der Pressekonferenz von Chairman Powell in der MT4 APP 21:47 Uhr &#8211; deshalb verwendet das Tool \u201e<a href=\"https:\/\/kamaun.at\/index.php\/market-hours-marktzeiten\/\" target=\"_blank\" rel=\"noreferrer noopener\">Market Hours<\/a>\u201c auf der Website von K-IT PRO FX um immer zur richtigen Zeit dabei zu sein \ud83d\ude09<\/p>\n\n\n\n<p>100% Quote beim heutigen News-Trading, perfekt gelaufen und nachfolgend seht Ihr wie das mit etwas gr\u00f6\u00dferen Hebel ausehen kann. Zu Beginn sind die Hebel, nat\u00fcrlich abh\u00e4ngig von eurem Eigenkapital deutlich geringer &#8211; aber bei einem Hebel 0.05 w\u00e4ren das heute auch in etwa 100\u20ac gewesen. Ihr k\u00f6nnt nat\u00fcrlich auch den \u201e<a href=\"https:\/\/kamaun.at\/index.php\/pip-risiko-rechner\/\">PIP-Rechner<\/a>\u201c auf der Website benutzen um auszurechnen wie das mit euren Hebel ausgesehen h\u00e4tte\ud83d\ude09!<\/p>\n\n\n<div class=\"wp-block-image\">\n<figure class=\"alignleft size-large is-resized\"><img loading=\"lazy\" decoding=\"async\" width=\"472\" height=\"1024\" data-attachment-id=\"3794\" data-permalink=\"https:\/\/kamaun.at\/index.php\/news-trading\/img_4323\/\" data-orig-file=\"https:\/\/kamaun.at\/wp-content\/uploads\/2024\/06\/IMG_4323-e1718339186124.png\" data-orig-size=\"200,433\" data-comments-opened=\"1\" data-image-meta=\"{&quot;aperture&quot;:&quot;0&quot;,&quot;credit&quot;:&quot;&quot;,&quot;camera&quot;:&quot;&quot;,&quot;caption&quot;:&quot;&quot;,&quot;created_timestamp&quot;:&quot;0&quot;,&quot;copyright&quot;:&quot;&quot;,&quot;focal_length&quot;:&quot;0&quot;,&quot;iso&quot;:&quot;0&quot;,&quot;shutter_speed&quot;:&quot;0&quot;,&quot;title&quot;:&quot;&quot;,&quot;orientation&quot;:&quot;0&quot;}\" data-image-title=\"NewsTrading006\" data-image-description=\"&lt;p&gt;News-Trading f\u00fcr Member von K-IT PRO FX&lt;\/p&gt;\n\" data-image-caption=\"\" data-large-file=\"https:\/\/kamaun.at\/wp-content\/uploads\/2024\/06\/IMG_4323-472x1024.png\" src=\"https:\/\/kamaun.at\/wp-content\/uploads\/2024\/06\/IMG_4323-472x1024.png\" alt=\"News-Trading f\u00fcr Member von K-IT PRO FX\" class=\"wp-image-3794\" style=\"width:362px;height:auto\"\/><\/figure>\n<\/div>\n\n<div class=\"wp-block-image\">\n<figure class=\"alignleft size-large is-resized\"><img loading=\"lazy\" decoding=\"async\" width=\"877\" height=\"1024\" data-attachment-id=\"3793\" data-permalink=\"https:\/\/kamaun.at\/index.php\/news-trading\/img_4324\/\" data-orig-file=\"https:\/\/kamaun.at\/wp-content\/uploads\/2024\/06\/IMG_4324-e1718339171580.jpeg\" data-orig-size=\"200,233\" data-comments-opened=\"1\" data-image-meta=\"{&quot;aperture&quot;:&quot;0&quot;,&quot;credit&quot;:&quot;&quot;,&quot;camera&quot;:&quot;&quot;,&quot;caption&quot;:&quot;&quot;,&quot;created_timestamp&quot;:&quot;0&quot;,&quot;copyright&quot;:&quot;&quot;,&quot;focal_length&quot;:&quot;0&quot;,&quot;iso&quot;:&quot;0&quot;,&quot;shutter_speed&quot;:&quot;0&quot;,&quot;title&quot;:&quot;&quot;,&quot;orientation&quot;:&quot;1&quot;}\" data-image-title=\"NewsTrading007\" data-image-description=\"&lt;p&gt;News-Trading f\u00fcr Member von K-IT PRO FX&lt;\/p&gt;\n\" data-image-caption=\"\" data-large-file=\"https:\/\/kamaun.at\/wp-content\/uploads\/2024\/06\/IMG_4324-877x1024.jpeg\" src=\"https:\/\/kamaun.at\/wp-content\/uploads\/2024\/06\/IMG_4324-877x1024.jpeg\" alt=\"News-Trading f\u00fcr Member von K-IT PRO FX\" class=\"wp-image-3793\" style=\"width:416px;height:auto\"\/><\/figure>\n<\/div>\n\n\n<p><\/p>\n\n\n\n<p><\/p>\n\n\n\n<p><\/p>\n\n\n\n<p><\/p>\n\n\n\n<p><\/p>\n\n\n\n<p><\/p>\n\n\n\n<p>Hier auch noch Ausz\u00fcge eines Member &#8211; so wie es sein soll! Sch\u00f6ne Gewinne mit etwas Zeit f\u00fcrs News-Trading , dem profunden Wissen von K-IT PRO FX und dessen Chart- bzw. Fundamentalanalysen nat\u00fcrlich! Gratuliere zu rund 1000\u20ac Gewinn! \ud83d\udc4f\ud83e\udd73\ud83e\udd42\ud83c\udf7e<\/p>\n\n\n<div class=\"wp-block-image\">\n<figure class=\"alignleft size-large is-resized\"><img loading=\"lazy\" decoding=\"async\" width=\"901\" height=\"1024\" data-attachment-id=\"3791\" data-permalink=\"https:\/\/kamaun.at\/index.php\/news-trading\/5962e5a5-a82a-4467-ba39-665c10aa86ae\/\" data-orig-file=\"https:\/\/kamaun.at\/wp-content\/uploads\/2024\/06\/5962e5a5-a82a-4467-ba39-665c10aa86ae-e1718339131912.jpeg\" data-orig-size=\"200,227\" data-comments-opened=\"1\" data-image-meta=\"{&quot;aperture&quot;:&quot;0&quot;,&quot;credit&quot;:&quot;&quot;,&quot;camera&quot;:&quot;&quot;,&quot;caption&quot;:&quot;&quot;,&quot;created_timestamp&quot;:&quot;0&quot;,&quot;copyright&quot;:&quot;&quot;,&quot;focal_length&quot;:&quot;0&quot;,&quot;iso&quot;:&quot;0&quot;,&quot;shutter_speed&quot;:&quot;0&quot;,&quot;title&quot;:&quot;&quot;,&quot;orientation&quot;:&quot;0&quot;}\" data-image-title=\"NewsTrading009\" data-image-description=\"&lt;p&gt;News-Trading f\u00fcr Member von K-IT PRO FX&lt;\/p&gt;\n\" data-image-caption=\"\" data-large-file=\"https:\/\/kamaun.at\/wp-content\/uploads\/2024\/06\/5962e5a5-a82a-4467-ba39-665c10aa86ae-901x1024.jpeg\" src=\"https:\/\/kamaun.at\/wp-content\/uploads\/2024\/06\/5962e5a5-a82a-4467-ba39-665c10aa86ae-901x1024.jpeg\" alt=\"News-Trading f\u00fcr Member von K-IT PRO FX\" class=\"wp-image-3791\" style=\"width:308px;height:auto\"\/><\/figure>\n<\/div>\n\n<div class=\"wp-block-image\">\n<figure class=\"alignleft size-large is-resized\"><img loading=\"lazy\" decoding=\"async\" width=\"536\" height=\"1024\" data-attachment-id=\"3792\" data-permalink=\"https:\/\/kamaun.at\/index.php\/news-trading\/b90a536f-f213-4c00-9b50-796abf322713\/\" data-orig-file=\"https:\/\/kamaun.at\/wp-content\/uploads\/2024\/06\/b90a536f-f213-4c00-9b50-796abf322713-e1718339149116.jpeg\" data-orig-size=\"200,382\" data-comments-opened=\"1\" data-image-meta=\"{&quot;aperture&quot;:&quot;0&quot;,&quot;credit&quot;:&quot;&quot;,&quot;camera&quot;:&quot;&quot;,&quot;caption&quot;:&quot;&quot;,&quot;created_timestamp&quot;:&quot;0&quot;,&quot;copyright&quot;:&quot;&quot;,&quot;focal_length&quot;:&quot;0&quot;,&quot;iso&quot;:&quot;0&quot;,&quot;shutter_speed&quot;:&quot;0&quot;,&quot;title&quot;:&quot;&quot;,&quot;orientation&quot;:&quot;0&quot;}\" data-image-title=\"NewsTrading008\" data-image-description=\"&lt;p&gt;News-Trading f\u00fcr Member von K-IT PRO FX&lt;\/p&gt;\n\" data-image-caption=\"\" data-large-file=\"https:\/\/kamaun.at\/wp-content\/uploads\/2024\/06\/b90a536f-f213-4c00-9b50-796abf322713-536x1024.jpeg\" src=\"https:\/\/kamaun.at\/wp-content\/uploads\/2024\/06\/b90a536f-f213-4c00-9b50-796abf322713-536x1024.jpeg\" alt=\"News-Trading f\u00fcr Member von K-IT PRO FX\" class=\"wp-image-3792\" style=\"width:373px;height:auto\"\/><\/figure>\n<\/div>\n\n\n<a href=\"https:\/\/tracking.avapartner.com\/imp\/click\/?affid=200321&#038;bannerid=35986&#038;adTheme=790&#038;campaign=205481&#038;campaignName=Default%20Campaign&#038;tag=200321&#038;netclickid=200321\" target=\"_blank\" rel=\"noopener\">\n        <img decoding=\"async\" src=\"https:\/\/tracking.avapartner.com\/imp\/?affid=200321&#038;bannerid=35986&#038;adTheme=790&#038;campaign=205481&#038;campaignName=Default%20Campaign&#038;tag=200321&#038;netclickid=200321\">\n      <\/a>\n","protected":false},"excerpt":{"rendered":"<p>Hier ein Beispiel f\u00fcr den Ablauf eines News-Trading f\u00fcr die Member von K-IT PRO FX!Wir verwenden aktuell einen Telegramm Channel bzw. auch eine WhatsApp Gruppe. Das Ereignis war die FOMC also die Zinsentscheidung der FED USA vom 12.6.2024 und die Pressekonferenz mit Chairman Powell! Es beginnt in der Gruppe mit dem Hinweis einen SELL zu&hellip; <br \/> <a class=\"read-more\" href=\"https:\/\/kamaun.at\/index.php\/news-trading\/\">Read more<\/a><\/p>\n","protected":false},"author":4,"featured_media":642,"parent":0,"menu_order":0,"comment_status":"closed","ping_status":"closed","template":"","meta":{"footnotes":""},"class_list":["post-3783","page","type-page","status-publish","has-post-thumbnail","hentry"],"jetpack_sharing_enabled":true,"jetpack_shortlink":"https:\/\/wp.me\/Pa4fpK-Z1","_links":{"self":[{"href":"https:\/\/kamaun.at\/index.php\/wp-json\/wp\/v2\/pages\/3783","targetHints":{"allow":["GET"]}}],"collection":[{"href":"https:\/\/kamaun.at\/index.php\/wp-json\/wp\/v2\/pages"}],"about":[{"href":"https:\/\/kamaun.at\/index.php\/wp-json\/wp\/v2\/types\/page"}],"author":[{"embeddable":true,"href":"https:\/\/kamaun.at\/index.php\/wp-json\/wp\/v2\/users\/4"}],"replies":[{"embeddable":true,"href":"https:\/\/kamaun.at\/index.php\/wp-json\/wp\/v2\/comments?post=3783"}],"version-history":[{"count":4,"href":"https:\/\/kamaun.at\/index.php\/wp-json\/wp\/v2\/pages\/3783\/revisions"}],"predecessor-version":[{"id":6639,"href":"https:\/\/kamaun.at\/index.php\/wp-json\/wp\/v2\/pages\/3783\/revisions\/6639"}],"wp:featuredmedia":[{"embeddable":true,"href":"https:\/\/kamaun.at\/index.php\/wp-json\/wp\/v2\/media\/642"}],"wp:attachment":[{"href":"https:\/\/kamaun.at\/index.php\/wp-json\/wp\/v2\/media?parent=3783"}],"curies":[{"name":"wp","href":"https:\/\/api.w.org\/{rel}","templated":true}]}}