{"id":3739,"date":"2024-06-13T05:33:48","date_gmt":"2024-06-13T04:33:48","guid":{"rendered":"https:\/\/kamaun.at\/?page_id=3739"},"modified":"2024-08-30T10:27:16","modified_gmt":"2024-08-30T09:27:16","slug":"tools","status":"publish","type":"page","link":"https:\/\/kamaun.at\/index.php\/tools\/","title":{"rendered":"TOOLS"},"content":{"rendered":"\n<h2 class=\"wp-block-heading\">Tools &amp; Helferlein f\u00fcr K-IT PRO FX Member<\/h2>\n\n\n\n<p>Da wir mittlerweile schon sehr viele Tools anbieten k\u00f6nnen, haben wir hier eine Liste zusammengestellt mit kurzer Erkl\u00e4rung und dem Link zum jeweiligen Tool! Damit die Men\u00fcs nicht so \u00fcberladen sind findet Ihr hier schnell was ihr sucht!<\/p>\n\n\n\n<h3 class=\"wp-block-heading\"><a href=\"https:\/\/kamaun.at\/index.php\/personal-economic-kalender\/\">Personal Economic Kalender<\/a><\/h3>\n\n\n\n<p>Hier findet Ihr unseren neuen Wirtschaftskalender in deutsch und immer top aktuell! Jetzt auch mit Trendgrafiken f\u00fcr die Ereignisse mit Neu-Prognose-Alt Werten. Schnell und mit wenigen Klicks top informiert!<\/p>\n\n\n\n<h3 class=\"wp-block-heading\"><a href=\"https:\/\/kamaun.at\/index.php\/pip-risiko-rechner\/\">PIP &amp; Risiko Rechner<\/a><\/h3>\n\n\n\n<p>Hier findet Ihr alle Informationen zu PIP und Risiko und nat\u00fcrlich auch eine ausf\u00fchrliche Erkl\u00e4rung zu den beiden Rechnern<\/p>\n\n\n\n<h3 class=\"wp-block-heading\"><a href=\"https:\/\/kamaun.at\/index.php\/gewinn-rechner\/\">Gewinn Rechner<\/a><\/h3>\n\n\n\n<p>Gerade am Anfang ist es immer verwirrend mit PIP, Spread, Geb\u00fchren usw. Mit diesem Gewinn Rechner k\u00f6nnt Ihr auf einfache Weise eure Trades berechnen!<\/p>\n\n\n\n<h3 class=\"wp-block-heading\"><a href=\"https:\/\/kamaun.at\/index.php\/fibonacci-rechner\/\">Fibonacci Rechner<\/a><\/h3>\n\n\n\n<p>F\u00fcr alle die auch Interesse an der Chart-Analyse haben -habe ich hier speziell daf\u00fcr das Modell Fibonacci versucht es einfach zu beschreiben und mit dem Fibonacci &#8211; Rechner k\u00f6nnt Ihr gleich in das Thema einsteigen &#8211; learning by doing!<\/p>\n\n\n\n<h3 class=\"wp-block-heading\"><a href=\"https:\/\/kamaun.at\/index.php\/margen-rechner\/\" rel=\"nofollow\">Margen Rechner<\/a> <mark style=\"background-color:rgba(0, 0, 0, 0)\" class=\"has-inline-color has-vivid-red-color\">\u201eNEU\u201c<\/mark><\/h3>\n\n\n\n<p>Wieviel Risiko hat mein Trade, wie stark wird das Eigenkapital belastet und wieviel Equity steht noch zur Verf\u00fcgung!<br>Mit dem Margenrechner bekommen Member von K-IT PRO FX ein Tool mit dem es ganz einfach ist die Sicherheitsleistung (Margin) f\u00fcr den gew\u00fcnschten Trade zu berechnen!<\/p>\n\n\n\n<h3 class=\"wp-block-heading\"><a href=\"https:\/\/kamaun.at\/index.php\/xauusd-gold-uebersicht\/\">XAUUSD BUY &amp; SELL<\/a><\/h3>\n\n\n\n<p>Ein einfaches aber effektives Tool zur Berechnung des aktuellen Trends &#8211; auch hier wieder ein Tool f\u00fcr die einfache Chart-Analyse f\u00fcr alle die etwas mehr wissen m\u00f6chten\u2026<\/p>\n\n\n\n<h3 class=\"wp-block-heading\"><a href=\"https:\/\/kamaun.at\/index.php\/marktuebersicht\/\">Personal Market<\/a><\/h3>\n\n\n\n<p>Den Personal Market haben wir erstellt um Euch eine schnelle \u00dcbersicht zu den f\u00fcr uns am wichtigsten Assets, also FX Paare und Rohstoffe.<\/p>\n\n\n\n<h3 class=\"wp-block-heading\"><a href=\"https:\/\/kamaun.at\/index.php\/personal-gold-chart\/\">Personal Gold Chart<\/a><\/h3>\n\n\n\n<p>Wer mal schnell im B\u00fcro den Gold Chart pr\u00fcfen will aber keinen Zugriff auf seine Apps hat kann mit diesem Chart \u00fcber den Web-Browser alles machen wie auf dem eigenen Desktop!<br>Indikatoren setzen, Zeitspannen w\u00e4hlen, Assets vergleiche. usw. funktioniert auch in nahezu jedem B\u00fcro \ud83d\ude09<\/p>\n\n\n\n<h3 class=\"wp-block-heading\"><a href=\"https:\/\/kamaun.at\/index.php\/personal-forex-heatmap\/\">Personal Forex Heatmap<\/a><\/h3>\n\n\n\n<p>Hier sind die wichtigsten FX Paare in einer Heatmap zusammengestellt. Am Status in Echtzeit k\u00f6nnt ihr den aktuellen Trend ganz einfach ablesen. gr\u00fcn &#8211; bullisch\/long | rot &#8211; b\u00e4risch\/short | rosa &#8211; neutral<\/p>\n\n\n\n<h3 class=\"wp-block-heading\"><a href=\"https:\/\/kamaun.at\/index.php\/personal-fx-spot\/\">Personal Gold Spot<\/a><\/h3>\n\n\n\n<p>Hier habt ihr schnellen Zugriff auf den aktuellen Goldkurs und mit ein paar Klicks auch zum entsprechenden Chart , gerade im B\u00fcro oder am Handy super schnell aufzurufen.<\/p>\n\n\n\n<h3 class=\"wp-block-heading\"><a href=\"https:\/\/kamaun.at\/index.php\/personal-bxn-spot\/\">Personal BXN Spot<\/a><\/h3>\n\n\n\n<p>F\u00fcr alle Freunde von Blackfort habt ihr hierschnellen Zugriff zum BXN-Spot und zum entsprechenden Chart , gerade im B\u00fcro oder am Handy super schnell aufzurufen. Auch das Voten auf Certik ist hier verlinkt.<\/p>\n\n\n\n<h3 class=\"wp-block-heading\"><a href=\"https:\/\/kamaun.at\/index.php\/market-hours-marktzeiten\/\">Market Hours<\/a><\/h3>\n\n\n\n<p>Auch das ist am Anfang f\u00fcr die meisten sehr verwirrend da wir an 4 B\u00f6rsen handeln und diese nat\u00fcrlich zu verschiedenen Zeiten offen haben! Der Broker verwendet noch zus\u00e4tzlich je nach Standort seine eigene Serverzeit, so dass man schnell mal wichtige Termine \u00fcbersieht.<\/p>\n\n\n\n<p>\ud83d\udea8 ACHTUNG &#8211; der Wirtschaftskalender entspricht immer der aktuellen Ortszeit also im Winter GMT+1 und im Sommer GMT+2 (Nicht alle L\u00e4nder &amp; Kontinente haben Sommerzeit deshalb ist das wichtig)<\/p>\n\n\n\n<h3 class=\"wp-block-heading\"><a href=\"https:\/\/kamaun.at\/index.php\/boersenfeiertage\/\">B\u00f6rsenfeiertage<\/a><\/h3>\n\n\n\n<p>Hier findet Ihr die Zusammenfassung aller B\u00f6rsenfeiertage in chronologischer Ordnung und nat\u00fcrlich f\u00fcr alle 4 B\u00f6rsen!<\/p>\n","protected":false},"excerpt":{"rendered":"<p>Tools &amp; Helferlein f\u00fcr K-IT PRO FX Member Da wir mittlerweile schon sehr viele Tools anbieten k\u00f6nnen, haben wir hier eine Liste zusammengestellt mit kurzer Erkl\u00e4rung und dem Link zum jeweiligen Tool! Damit die Men\u00fcs nicht so \u00fcberladen sind findet Ihr hier schnell was ihr sucht! Personal Economic Kalender Hier findet Ihr unseren neuen Wirtschaftskalender&hellip; <br \/> <a class=\"read-more\" href=\"https:\/\/kamaun.at\/index.php\/tools\/\">Read more<\/a><\/p>\n","protected":false},"author":4,"featured_media":1030,"parent":0,"menu_order":0,"comment_status":"closed","ping_status":"closed","template":"","meta":{"footnotes":""},"class_list":["post-3739","page","type-page","status-publish","has-post-thumbnail","hentry"],"jetpack_sharing_enabled":true,"jetpack_shortlink":"https:\/\/wp.me\/Pa4fpK-Yj","_links":{"self":[{"href":"https:\/\/kamaun.at\/index.php\/wp-json\/wp\/v2\/pages\/3739","targetHints":{"allow":["GET"]}}],"collection":[{"href":"https:\/\/kamaun.at\/index.php\/wp-json\/wp\/v2\/pages"}],"about":[{"href":"https:\/\/kamaun.at\/index.php\/wp-json\/wp\/v2\/types\/page"}],"author":[{"embeddable":true,"href":"https:\/\/kamaun.at\/index.php\/wp-json\/wp\/v2\/users\/4"}],"replies":[{"embeddable":true,"href":"https:\/\/kamaun.at\/index.php\/wp-json\/wp\/v2\/comments?post=3739"}],"version-history":[{"count":3,"href":"https:\/\/kamaun.at\/index.php\/wp-json\/wp\/v2\/pages\/3739\/revisions"}],"predecessor-version":[{"id":7096,"href":"https:\/\/kamaun.at\/index.php\/wp-json\/wp\/v2\/pages\/3739\/revisions\/7096"}],"wp:featuredmedia":[{"embeddable":true,"href":"https:\/\/kamaun.at\/index.php\/wp-json\/wp\/v2\/media\/1030"}],"wp:attachment":[{"href":"https:\/\/kamaun.at\/index.php\/wp-json\/wp\/v2\/media?parent=3739"}],"curies":[{"name":"wp","href":"https:\/\/api.w.org\/{rel}","templated":true}]}}