{"id":3389,"date":"2024-06-05T10:03:12","date_gmt":"2024-06-05T09:03:12","guid":{"rendered":"https:\/\/kamaun.at\/?page_id=3389"},"modified":"2024-06-05T10:03:15","modified_gmt":"2024-06-05T09:03:15","slug":"warum-pip-lot-swap-usw","status":"publish","type":"page","link":"https:\/\/kamaun.at\/index.php\/warum-pip-lot-swap-usw\/","title":{"rendered":"Warum PIP, LOT, SWAP usw.?"},"content":{"rendered":"\n<p>\u00dcberall lesen wir PIP und LOT und Mikrolot usw. den meisten ist aber nicht klar warum diese Angaben verwendet werden? Hier nochmals eine detaillierte Beschreibung dazu und warum es durchaus Sinn macht! Im Forex und CFD Trading ist ein LOT die Beschreibung f\u00fcr 1 Einheit und wichtig f\u00fcr die Entwicklung von Trading Strategien und vor allem f\u00fcr das Money und Risikomanagement!<br>Das Verst\u00e4ndnis daf\u00fcr ist \u00e4u\u00dferst wichtig und viele vergessen oft sich damit auseinanderzusetzen!<br>Wie auch immer Ihr vorgeht, es ist wichtig, dass ihr versteht, was die Losgr\u00f6\u00dfe ist und wie die Losgr\u00f6\u00dfe den Pip-Wert bestimmt.\u00a0Ihr m\u00fcsst dies wissen, bevor Ihr einen Trade platziert, damit Ihr das richtige Volumen, und vor allem das richtige Risiko ausw\u00e4hlen k\u00f6nnt.<\/p>\n\n\n\n<h2 class=\"wp-block-heading\">Lot, Mini-Lot, Mikro-Lot<\/h2>\n\n\n\n<p>Diese Angabe beschreibt die Menge die bei einem Trade geordert werden soll. Das LOT ist also die Gr\u00f6\u00dfe der georderten Transaktion.<br>\u00dcblicherweise unterscheiden wir:<\/p>\n\n\n\n<p><strong>LOT<\/strong> (Standard LOT) = 100.000 Einheiten<br><strong>Mini LOT<\/strong> = 10.000 Einheiten<br><strong>Mikro LOT<\/strong> = 1.000 Einheiten<\/p>\n\n\n\n<p>H\u00e4, warum &#8211; uninteressant? Nein gar nicht jeder benutzt es automatisch durch den angewandten Hebel und da sind wir dann schon beim Praxisnutzen.<\/p>\n\n\n\n<p><strong>1 LOT<\/strong>\u00a0entspricht Hebel 1 &#8211; mit Hebel 1,0 ordert man also 100.000 Einheiten<br><strong>1 Mini LOT<\/strong>\u00a0entspricht dem Hebel 0,1 und man ordert 10.000 Einheiten<br><strong>1 Micro LOT<\/strong>\u00a0entspricht somit dem Hebel 0,01 und man ordert die kleinste m\u00f6gliche Menge von 1.000 Einheiten<\/p>\n\n\n\n<p>Jetzt gibt es nat\u00fcrlich auch andere Plattformen wie Meta Trader 4 &amp; 5 und dort ist die Auswahl wieder anders zu verwenden, warum? Es werden bei eToro, Admiral, Vantage, CMC nativ App usw. andere Hebel angeboten und man kann dort mit Hebel 10, 20, 30, 50, 200 und manche sogar mit 500 (sind in der EU nicht zugelassen &#8211; es handelt sich hier meist um nicht in Europa regulierte Anbieter &#8211; Achtung dadurch ist es auch m\u00f6glich ins Minus zu rutschen &#8211; in der EU geht das nicht, da vorher das Trading Konto glatt gestellt w\u00fcrde!) einsetzen.<\/p>\n\n\n\n<p><strong>Wie berechne ich auf diesen Plattformen meinen Wert, meine Gr\u00f6\u00dfe des Trades, mein Risiko?<\/strong><\/p>\n\n\n\n<p>Im Prinzip bleibt es gleich nur, dass hier Betr\u00e4ge in der W\u00e4hrung des Handelskontos verwendet werden k\u00f6nnen, die App berechnet dann selbst wieviel LOT es dann tats\u00e4chlich ist.<br><strong>Beispiel FX Paar:<\/strong><br>1000 \u20ac &#8211; EURUSD &#8211; 0,01 LOT &#8211; der Hebel 1:30 (meist voreingestellt) dadurch ergibt sich eine Margin von 3,33% der Spread beispielsweise bei 1 &#8211; wie wird mein Konto dadurch belastet und welche Kosten entstehen? Viele machen sich dar\u00fcber wenig bis keine Gedanken sondern schauen einfach was habe ich noch Margin und hauen dann einfach rein!<br>Man kann es aber auch einfach berechnen:<\/p>\n\n\n\n<p><strong>Kontraktgr\u00f6\u00dfe = Lots * Kontraktgr\u00f6\u00dfe per Lot<\/strong><\/p>\n\n\n\n<p>1 Lot EURUSD: 1 * 100.000 EUR = 100.000 EUR<br>1 Mini Lot EURUSD: 1 * 10.000 EUR = 10.000 EUR<br>1 Micro Lot EURUSD: 1 * 1.000 EUR = 1.000 EUR<br>Das PIP und jetzt sind wir beim eigentlichen Thema wird dann wie folgt berechnet.<\/p>\n\n\n\n<p><strong>Pip-Wert (Forex) = (1 Pip \/ Wechselkurs der Kursw\u00e4hrung zu USD) * Lot * Kontraktgr\u00f6\u00dfe pro Lot<\/strong><\/p>\n\n\n\n<p>1 Micro Lot EUR\/USD: (0,00001 \/ 1) * 1 * 1.000 = 0,09 USD<br>1 Mini Lot EUR\/USD: (0,00010 \/ 1) * 1 * 1.000 = 0,9 USD<br>1 Lot EUR\/USD: (0,0010 \/ 1) * 1 * 1.000 = 9,2 USD<br>Das PIP hat also je nach <strong>Kontraktgr\u00f6\u00dfe<\/strong> oder eben auch <strong>LOTgr\u00f6\u00dfe<\/strong> einen berechneten Wert mit dem wir dann unsere Gewinne\/ Verluste, Risiken berechnen k\u00f6nnen! Nat\u00fcrlich schwankt es mit dem Wechselkurs aber Prinzipiell gibt es uns eine gute Basis.<br>Wenn ich also einen Trade abschlie\u00dfe und es wird in der Gruppe geschrieben, dass +20PIP erreicht wurden, kann ich mit meinen Werten auch gleich den eigenen Erfolg nachrechnen.<br>f\u00fcr unser Beispiel bedeutet das:<br>1000 \u20ac &#8211; EURUSD &#8211; 0,01 LOT &#8211; der Hebel 1:30 Margin von 3,33% Spread 1<\/p>\n\n\n\n<p>1 MicroLOT also 0,01 LOT ergeben 1,8\u20ac Ertrag &#8211;\u00a0<br>1 MiniLOT also 0,1 LOT ergeben 18\u20ac Ertrag &#8211;\u00a0<br>1 StandardLOT also 1 LOT ergeben 180\u20ac Ertrag &#8211;<br>Jetzt m\u00fcssen noch die Geb\u00fchren ber\u00fccksichtigt werden die von Broker zu Broker unterschiedlich sind und deshalb hier nur beispielsweise angef\u00fchrt werden.<\/p>\n\n\n\n<h2 class=\"wp-block-heading\">Welche Geb\u00fchren, Kosten muss ich beachten:<\/h2>\n\n\n\n<p><strong>Kommision:<\/strong>\u00a0entf\u00e4llt bei den meisten Brokern f\u00fcr FX &amp; CFD Handel ist aber m\u00f6glich!<br><strong>SWAP LONG<\/strong>: Wenn ich einen Kontrakt mit BUY \u00fcber Nacht halte fallen Geb\u00fchren<br><strong>SWAP SHORT:<\/strong>\u00a0Bei den meisten Brokern erhalte ich f\u00fcr SELL Positionen \u00fcber Nacht eine Gutschrift<br><strong>SPREAD:<\/strong>\u00a0Das ist der Unterschied zwischen ASK &amp; BID also SHORT &amp; LONG oder eben SELL &amp; BUY<br>Bei FX Paaren ist der SPREAD meist recht gering in unserem Beispiel nehmen wir 2 &#8211; das bedeutet 2PIP also k\u00f6nnen wir mit unserem bereits errechneten Wert des PIP auch die Kosten f\u00fcr diese Transaktion wie folgt berechnen:<br><strong>Anzahl Einheiten(Lots) * (Anzahl Pips * Kosten pro Pip) = Kosten(SPREAD)<\/strong><br>0,01 * (2 *0,09) = 0,0018 USD<br>0,1 * (2 *0,09) = 0,018 USD<br>1 * (2 *0,09) = 0,18 USD<br>Schlie\u00dfen wir nun einen Kontrakt nicht und lassen diesen \u00fcber Nacht laufen, m\u00fcssen wir beachten ob es eine <strong>LONG<\/strong> oder eine <strong>SHORT<\/strong> Position ist. F\u00fcr unser Beispiel w\u00e4ren die Geb\u00fchren f\u00fcr das \u00dcbernachten wie folgt:<br><strong>SWAP LONG:<\/strong> 0,1USD<br><strong>SWAP SHORT:<\/strong> 0,6USD<br>(Achtung diese Geb\u00fchren bestimmt der Broker und sind deshalb \u00fcberall verschieden und teilweise auch handelbar bei entsprechenden Kontost\u00e4rken)<br>In unserem Beispiel w\u00e4ren das dann folgende Gewinne:<\/p>\n\n\n\n<p>1 MicroLOT also 0,01 LOT ergeben 1,8USD Ertrag &#8211; SPREAD 0,0018 =\u00a0<strong>1,798USD Gewinn<\/strong><br>1 MiniLOT also 0,1 LOT ergeben 18USD Ertrag &#8211; SPREAD 0,018 =\u00a0<strong>17,98USD Gewinn<\/strong><br>1 StandardLOT also 1 LOT ergeben 180USD Ertrag &#8211; SPREAD 0,18 =\u00a0<strong>179,82USD Gewinn<\/strong><br><br>Wenn eine \u00dcbernachtung also auch ein\u00a0<strong>SWAPLONG<\/strong>\u00a0oder\u00a0<strong>SWAPSHORT<\/strong>anf\u00e4llt k\u00f6nnen sich die Gewinne schnell \u00e4ndern. Unser Beispiel f\u00fcr 1 \u00dcbernachtung:<\/p>\n\n\n\n<p>1 MicroLOT also 0,01 LOT ergeben 1,8USD Ertrag &#8211; SPREAD 0,0018 &#8211;\u00a0<strong>SWAPLONG<\/strong>\u00a00,06 USD=\u00a0<strong>1,738USD Gewinn<\/strong><br>1 MiniLOT also 0,1 LOT ergeben 18USD Ertrag &#8211; SPREAD 0,018 &#8211;\u00a0<strong>SWAPLONG<\/strong>\u00a00,6 USD =\u00a0<strong>17,38USD Gewinn<\/strong><br>1 StandardLOT also 1 LOT ergeben 180USD Ertrag &#8211; SPREAD 0,18 &#8211;\u00a0<strong>SWAPLONG<\/strong>\u00a06 USD =\u00a0<strong>173,82USD Gewinn<\/strong><\/p>\n\n\n\n<p>1 MicroLOT also 0,01 LOT ergeben 1,8USD Ertrag &#8211; SPREAD 0,0018 +\u00a0<strong>SWAPSHORT<\/strong>\u00a00,01 USD=\u00a0<strong>1,80USD Gewinn<\/strong><br>1 MiniLOT also 0,1 LOT ergeben 18USD Ertrag &#8211; SPREAD 0,018 +\u00a0<strong>SWAPSHORT<\/strong>\u00a00,1 USD =\u00a0<strong>18,82USD Gewinn<\/strong><br>1 StandardLOT also 1 LOT ergeben 180USD Ertrag &#8211; SPREAD 0,18 +\u00a0<strong>SWAPSHORT<\/strong>\u00a01 USD =\u00a0<strong>180,82USD Gewinn<\/strong><\/p>\n\n\n\n<p>Im zweiten Teil werde ich ausschlie\u00dflich die Berechnung f\u00fcr Gold XAUUSD beschreiben, da sich dort das LOT ver\u00e4ndert und 1 Standard LOT 100 Oz (Unzen) Gold entspricht! Bei den FX Paaren sind es immer 5 Nachkommastellen mit der Ausnahme des japanischen Yens, da dieser nur 2 Nachkommastellen hat.<br>Wie bei Gold verschieben sich dadurch nur die Kommastellen &#8211; die Berechnung bleibt im Prinzip aber gleich!<\/p>\n\n\n\n<p>Mehr Infos bzw. Trading Wissen gibt es unter dem Men\u00fcpunkt&nbsp;<a href=\"https:\/\/kamaun.at\/index.php\/trading-basic-infos\/\">Trading Wissen<\/a><\/p>\n\n\n\n<p>Viel Spa\u00df beim St\u00f6bern und Fragen einfach direkt an mich per&nbsp;<a href=\"mailto:info@kamaun.at?Subject=%E2%80%9EInfos%20zum%20Trading%20Wissen%E2%80%9C&amp;Body=%E2%80%9EBitte%20um%20weitere%20Infos%20zum%20Thema:%20%E2%80%9E\">Emai<\/a>l oder \u00fcber das&nbsp;<a href=\"https:\/\/kamaun.at\/index.php\/kontakt\/\">Kontaktformular<\/a>!<\/p>\n","protected":false},"excerpt":{"rendered":"<p>\u00dcberall lesen wir PIP und LOT und Mikrolot usw. den meisten ist aber nicht klar warum diese Angaben verwendet werden? Hier nochmals eine detaillierte Beschreibung dazu und warum es durchaus Sinn macht! Im Forex und CFD Trading ist ein LOT die Beschreibung f\u00fcr 1 Einheit und wichtig f\u00fcr die Entwicklung von Trading Strategien und vor&hellip; <br \/> <a class=\"read-more\" href=\"https:\/\/kamaun.at\/index.php\/warum-pip-lot-swap-usw\/\">Read more<\/a><\/p>\n","protected":false},"author":4,"featured_media":1028,"parent":0,"menu_order":0,"comment_status":"closed","ping_status":"closed","template":"","meta":{"footnotes":""},"class_list":["post-3389","page","type-page","status-publish","has-post-thumbnail","hentry"],"jetpack_sharing_enabled":true,"jetpack_shortlink":"https:\/\/wp.me\/Pa4fpK-SF","_links":{"self":[{"href":"https:\/\/kamaun.at\/index.php\/wp-json\/wp\/v2\/pages\/3389","targetHints":{"allow":["GET"]}}],"collection":[{"href":"https:\/\/kamaun.at\/index.php\/wp-json\/wp\/v2\/pages"}],"about":[{"href":"https:\/\/kamaun.at\/index.php\/wp-json\/wp\/v2\/types\/page"}],"author":[{"embeddable":true,"href":"https:\/\/kamaun.at\/index.php\/wp-json\/wp\/v2\/users\/4"}],"replies":[{"embeddable":true,"href":"https:\/\/kamaun.at\/index.php\/wp-json\/wp\/v2\/comments?post=3389"}],"version-history":[{"count":4,"href":"https:\/\/kamaun.at\/index.php\/wp-json\/wp\/v2\/pages\/3389\/revisions"}],"predecessor-version":[{"id":3397,"href":"https:\/\/kamaun.at\/index.php\/wp-json\/wp\/v2\/pages\/3389\/revisions\/3397"}],"wp:featuredmedia":[{"embeddable":true,"href":"https:\/\/kamaun.at\/index.php\/wp-json\/wp\/v2\/media\/1028"}],"wp:attachment":[{"href":"https:\/\/kamaun.at\/index.php\/wp-json\/wp\/v2\/media?parent=3389"}],"curies":[{"name":"wp","href":"https:\/\/api.w.org\/{rel}","templated":true}]}}