{"id":2659,"date":"2024-05-17T21:43:13","date_gmt":"2024-05-17T20:43:13","guid":{"rendered":"https:\/\/kamaun.at\/?page_id=2659"},"modified":"2024-08-14T14:15:22","modified_gmt":"2024-08-14T13:15:22","slug":"k-it-pro-fx-member","status":"publish","type":"page","link":"https:\/\/kamaun.at\/index.php\/k-it-pro-fx-member\/","title":{"rendered":"Vorteile f\u00fcr K-IT PRO FX Member + Anmeldeinfos"},"content":{"rendered":"\n<a href=\"https:\/\/tracking.avapartner.com\/imp\/click\/?affid=200321&#038;bannerid=35985&#038;adTheme=790&#038;campaign=205481&#038;campaignName=Default%20Campaign&#038;tag=200321&#038;netclickid=200321\" target=\"_blank\" rel=\"noopener\">\n        <img decoding=\"async\" src=\"https:\/\/tracking.avapartner.com\/imp\/?affid=200321&#038;bannerid=35985&#038;adTheme=790&#038;campaign=205481&#038;campaignName=Default%20Campaign&#038;tag=200321&#038;netclickid=200321\">\n      <\/a>\n\n\n\n<h2 class=\"wp-block-heading\">Vorteile f\u00fcr Member:<\/h2>\n\n\n\n<ol class=\"wp-block-list\">\n<li>Durchschnittlich 6-10 Signale pro Woche Aktuell eine Gewinn Quote von 75% bzw. sind 3\/4 Trades erfolgreich!<\/li>\n\n\n\n<li>Website mit Topnews und alles zum Thema Gold<\/li>\n\n\n\n<li>AVA Partner Konto mit reduzierten Swaps oder Spreads (Auswahlm\u00f6glichkeit bei bestimmten Kapitalgr\u00f6\u00dfen nach R\u00fccksprache) und Gratis Mitgliedschaft 12 Monate K-IT PRO FX<\/li>\n\n\n\n<li>Jetzt <a href=\"https:\/\/www.avatrade.de\/?act=show-real-registry&amp;versionId=10301&amp;tag=200321\">AVA <\/a><a href=\"https:\/\/www.avatrade.de\/?act=show-real-registry&amp;versionId=10301&amp;tag=200321\" target=\"_blank\" rel=\"noreferrer noopener sponsored nofollow\">Konto<\/a> er\u00f6ffnen und in wenigen Tagen alle Vorteile von K-IT PRO FX nutzen.<\/li>\n\n\n\n<li>Eigene Tools wie Spots und Charts als Browserl\u00f6sung, Personal Market, Heatmaps, optimierter Economic Wirtschaftskalender usw. f\u00fcr schnellen mobilen Zugriff auch im B\u00fcro oder am Handy<\/li>\n\n\n\n<li>PIP-Rechner, Kosten-Rechner, Gewinn-Rechner und jetzt ganz \u201eneu\u201c der Fibonacci-Rechner mit ausf\u00fchrlicher Erkl\u00e4rung!<\/li>\n\n\n\n<li>Trading Wissen zu den Basics sowie der wichtigsten Indikatoren und der Funktion der Website (wird st\u00e4ndig erweitert) Erkl\u00e4rungen zu Metatrader 4 und nat\u00fcrlich Metatrader 5<\/li>\n\n\n\n<li>In Arbeit &#8211; Morgensession und Accountmanagement<\/li>\n\n\n\n<li>Morgensession bringt Signale ab 07:00 Uhr f\u00fcr die Daytrader die Vormittags bis Mittag wenig Zeit haben!<\/li>\n\n\n\n<li>Das Account Management f\u00fcr Personen die nur investieren m\u00f6chten steht aktuell nicht zur Verf\u00fcgung! Geplant sind Tradingpools mit prozentualer Beteiligung<\/li>\n\n\n\n<li>Zoom Trading Sessions &#8211; Live Trading &#8211; Newstrading<\/li>\n\n\n\n<li>Learning by doing &#8211; monatliche Zoomsitzung bzw. nach Bedarf zur Begriffserkl\u00e4rung &#8211; Themen k\u00f6nnen \u00fcber die Website gevotet werden (aus der Wissensdatenbank) und werden dann live in 90min aufgearbeitet! F\u00fcr alle die mehr zum Thema wissen m\u00f6chten!<\/li>\n<\/ol>\n\n\n\n<p>Einfach bewerben da nur eine bestimmte Anzahl an Pl\u00e4tzen verf\u00fcgbar ist! Du kennst ein Member, dann lass Dich einladen! Wir nehmen nur Member die pers\u00f6nlich vermittelt, (per Einladungslink) bzw. von Administratoren genehmigt wurden und ein AVAtrade Konto besitzen! Anmeldung bei AVA Trade nur mit diesem <a href=\"https:\/\/www.avatrade.de\/?act=show-real-registry&amp;versionId=10301&amp;tag=200321\" target=\"_blank\" rel=\"noreferrer noopener sponsored nofollow\">Anmeldelink<\/a>. Als Partnernummer verwendet bitte 200321 falls der Link diese nicht automatisch anzeigt!<\/p>\n\n\n\n<h2 class=\"wp-block-heading\"><strong>Als Partnernummer verwendet bitte <mark style=\"background-color:rgba(0, 0, 0, 0)\" class=\"has-inline-color has-vivid-purple-color\">200321<\/mark> falls der Link diese nicht automatisch anzeigt!<\/strong><\/h2>\n\n\n\n<a href=\"https:\/\/tracking.avapartner.com\/imp\/click\/?affid=200321&#038;bannerid=35985&#038;adTheme=790&#038;campaign=205481&#038;campaignName=Default%20Campaign&#038;tag=200321&#038;netclickid=200321\" target=\"_blank\" rel=\"noopener\">\n        <img decoding=\"async\" src=\"https:\/\/tracking.avapartner.com\/imp\/?affid=200321&#038;bannerid=35985&#038;adTheme=790&#038;campaign=205481&#038;campaignName=Default%20Campaign&#038;tag=200321&#038;netclickid=200321\">\n      <\/a>\n\n\n\n<p>Zur Kontaktaufnahme benutzt einfach das <a href=\"https:\/\/kamaun.at\/index.php\/kontakt\/\" target=\"_blank\" rel=\"noreferrer noopener\">Kontaktformular<\/a> oder schickt uns ein <a href=\"mailto:info@kamaun.at?Subject=\u201eMember werden bei K-IT PRO FX\u201c&amp;Body=Ich habe mit Eurem Anmeldelink bereits ein AVA Trading Konto er\u00f6ffnet und m\u00f6chte Member bei K-IT PRO FX werden. Mein Empfehlungsgeber ist:\" target=\"_blank\" rel=\"noreferrer noopener nofollow\">Email<\/a> nachdem Ihr das Trading Konto bei AVAtrade er\u00f6ffnet habt! Euer Empfehlungsgeber hilft Euch gerne dabei\u2026<\/p>\n\n\n\n<h2 class=\"wp-block-heading\">Wichtige Reihenfolge:<\/h2>\n\n\n\n<ol class=\"wp-block-list\">\n<li>Empfehlungsgeber erkl\u00e4rt Dir die Grundlagen von K-IT PRO FX -genaue Details folgen dann nat\u00fcrlich nach der vollst\u00e4ndigen Registrierung. Meistens mit Zoom um die Inhalte und Fragen leichter zu erkl\u00e4ren!<\/li>\n\n\n\n<li>Er\u00f6ffnen eines Tradingkontos bei AVAtrade mit Klick auf den Banner oder eines Links aus der Beschreibung! Wichtig &#8211; Beim registrieren die Partner-ID 200321 von K-IT PRO FX verwenden!<\/li>\n\n\n\n<li>Einzahlung bei Avatrade und Verifizierung des Kontos (Empfehlung 2.000\u20ac, m\u00f6glich ab 1.000\u20ac)<\/li>\n\n\n\n<li>Vom Empfehlungsgeber bekommt Ihr eine Einverst\u00e4ndniserkl\u00e4rung &#8211; bitte korrekt ausf\u00fcllen und an info@kamaun.at senden.<\/li>\n\n\n\n<li>Vom Empfehlungsgeber bekommt Ihr einen Registrierungslink f\u00fcr die Website von K-IT PRO FX bitte beachten, dass der Klarname (Vorname, Nachname wie im Reisepass) und die Email-Adresse gleich sind wie bei der Avatrade Registrierung! (Zur korrekten Zuordnung beim Broker und der Website)<\/li>\n\n\n\n<li>Es erfolgt die Freischaltung und als Member k\u00f6nnt Ihr bereits alle Inhalte der Website nutzen.<\/li>\n\n\n\n<li>Nach der Best\u00e4tigung von Avatrade, dass ein Konto korrekt er\u00f6ffnet und Kapital einbezahlt wurde &#8211; bekommt Ihr die Freischaltung f\u00fcr die Telegram Gruppen<\/li>\n\n\n\n<li>In den Telegram Gruppen k\u00f6nnt Ihr dann auf die t\u00e4glichen Signale zugreifen bzw. in der Community Helpdeskgruppe um Rat &amp; Tat fragen bzw. um Hilfe ersuchen. Achtung! Die Signalgruppe kann nur gelesen bzw. mit Emoticons best\u00e4tigt werden!<\/li>\n\n\n\n<li>Wichtige Voraussetzung sind ein iPhone ab iOS Version 11 oder ein Android Smartphone mit Android Version 13 bzw. funktionieren auch Tablets mit den gleichen Versionen, ein Windows PC ab Windows 10 und nahezu alle MAC Computer. Theoretisch reicht eben pro Account 1 Smartphone!<\/li>\n\n\n\n<li>Download der Avatrade App um die Einzahlung beim Broker durchzuf\u00fchren! (bei der Registrierung vermutlich schon geschehen, ansonsten sp\u00e4testens jetzt!)<br><a href=\"https:\/\/www.avatrade.de\/trading-platforms\/avatradego\">https:\/\/www.avatrade.de\/trading-platforms\/avatradego<\/a><\/li>\n\n\n\n<li>Download des Metatrader 5 wobei die Anmeldung mit den gleichen Credentials (Anmeldeinformationen) wie bei der Avatrade App erfolgt!<br>Zuerst die Metatrader 5 App downloaden anmelden und ein Demokonto er\u00f6ffnen! Danach einfach auf Konto hinzuf\u00fcgen klicken und die Daten verwenden die Ihr bei der AVAtrade Registrierung erhalten habt! Danach k\u00f6nnt Ihr sowohl die Avatrade App als auch die Metatrader 5 App gleichzeitig auf einem Ger\u00e4t nutzen!<br><a href=\"https:\/\/www.avatrade.de\/trading-platforms\/metatrader-5\">https:\/\/www.avatrade.de\/trading-platforms\/metatrader-5<\/a><\/li>\n\n\n\n<li>Herzlichen Gl\u00fcckwunsch und herzlich willkommen bei K-IT PRO FX &#8211; jetzt beginnt Dein pers\u00f6nlicher Erfolg!<\/li>\n<\/ol>\n\n\n\n<p id=\"Risikohinweis\"><br><br><strong>Risikohinweis:<\/strong><br>Der Handel mit Futures, Aktien, Devisen und CFDs auf Margin ist mit sehr hohem Risiko verbunden und m\u00f6glicherweise nicht f\u00fcr Dich geeignet, da die Verluste Dein eingesetztes Kapital \u00fcbersteigen k\u00f6nnen. Der Hebel kann gegen Dich arbeiten. Spekuliere nicht mit Kapital, dessen Verlust Du dir nicht leisten kannst. Sei Dir aller Risiken bewusst und verstehen alle Risiken, die mit diesem Markt und dem Handel zusammenh\u00e4ngen. kamaun.at \u2013 K-IT PRO FX kann allgemeine Hinweise zur Verf\u00fcgung stellen, die nicht als Anlageberatung gedacht sind und nicht als solche ausgelegt werden d\u00fcrfen. Bitte konsultiere einen unabh\u00e4ngigen Finanzberater. kamaun.at \u2013 K-IT PRO FX \u00fcbernimmt keine Haftung f\u00fcr Fehler, Ungenauigkeiten oder Unterlassungen; garantiert weder die Richtigkeit noch Vollst\u00e4ndigkeit der Informationen, Texte, Grafiken, Links oder anderer Angaben die in diesen Unterlagen enthalten sind.<br>Bitte beachten, dass mehr als 70% aller Kleinanleger ihr Kapital verlieren, da nicht ausreichend Wissen f\u00fcr diese Finanzprodukte vorhanden ist. Passe st\u00e4ndig Deine Hebel und die Margin Deinem Konto entsprechend an und verstehe das damit verbundene Risiko!<br>K-IT PRO FX stellt seinen Mitgliedern sehr viele Lehrunterlagen zur Verf\u00fcgung und betreut auch gerne pers\u00f6nlich, dies bedeutet jedoch nicht automatisch, dass dadurch alle Finanzinstrumente verstanden werden!<\/p>\n\n\n\n<p id=\"Disclaimer\"><strong>Disclaimer:<\/strong><br>Alle Angaben geben die spezifischen Erlebnisse unserer Member sowie die pers\u00f6nliche Einsch\u00e4tzung von K-IT Pro FX wieder. Ich\/Wir versprechen NICHT, dass Du sofort und in jedem Fall das gleiche Ergebnis erzielen kannst\/wirst. Aber ich werde pers\u00f6nliche Tipps zur Verf\u00fcgung stellen, die in jedem Fall beim Aufbau eines Trading Business helfen. Nat\u00fcrlich sind die Infos durch langj\u00e4hrige Erfahrung bzw. Fundamental- und Chart Analysen und dem Austausch mit Experten entstanden. Beitr\u00e4ge unserer Member werden nur auf die allgemeinen Richtlinien gegen Hass und Diskriminierung gepr\u00fcft! Die Inhalte bleiben unverf\u00e4lscht und werden auch so wieder gegeben bzw. eingestellt! Bitte beachten, dass diese Infos keine Garantie f\u00fcr neuerlichen bzw. gleichen Erfolg darstellen sollen!<\/p>\n\n\n\n<p><a href=\"https:\/\/kamaun.at\/index.php\/kontakt\/\" target=\"_blank\" rel=\"noreferrer noopener\">Kontaktanfrage<\/a><\/p>\n","protected":false},"excerpt":{"rendered":"<p>Vorteile f\u00fcr Member: Einfach bewerben da nur eine bestimmte Anzahl an Pl\u00e4tzen verf\u00fcgbar ist! Du kennst ein Member, dann lass Dich einladen! Wir nehmen nur Member die pers\u00f6nlich vermittelt, (per Einladungslink) bzw. von Administratoren genehmigt wurden und ein AVAtrade Konto besitzen! Anmeldung bei AVA Trade nur mit diesem Anmeldelink. Als Partnernummer verwendet bitte 200321 falls&hellip; <br \/> <a class=\"read-more\" href=\"https:\/\/kamaun.at\/index.php\/k-it-pro-fx-member\/\">Read more<\/a><\/p>\n","protected":false},"author":4,"featured_media":1040,"parent":0,"menu_order":0,"comment_status":"closed","ping_status":"closed","template":"","meta":{"footnotes":""},"class_list":["post-2659","page","type-page","status-publish","has-post-thumbnail","hentry"],"jetpack_sharing_enabled":true,"jetpack_shortlink":"https:\/\/wp.me\/Pa4fpK-GT","_links":{"self":[{"href":"https:\/\/kamaun.at\/index.php\/wp-json\/wp\/v2\/pages\/2659","targetHints":{"allow":["GET"]}}],"collection":[{"href":"https:\/\/kamaun.at\/index.php\/wp-json\/wp\/v2\/pages"}],"about":[{"href":"https:\/\/kamaun.at\/index.php\/wp-json\/wp\/v2\/types\/page"}],"author":[{"embeddable":true,"href":"https:\/\/kamaun.at\/index.php\/wp-json\/wp\/v2\/users\/4"}],"replies":[{"embeddable":true,"href":"https:\/\/kamaun.at\/index.php\/wp-json\/wp\/v2\/comments?post=2659"}],"version-history":[{"count":28,"href":"https:\/\/kamaun.at\/index.php\/wp-json\/wp\/v2\/pages\/2659\/revisions"}],"predecessor-version":[{"id":6637,"href":"https:\/\/kamaun.at\/index.php\/wp-json\/wp\/v2\/pages\/2659\/revisions\/6637"}],"wp:featuredmedia":[{"embeddable":true,"href":"https:\/\/kamaun.at\/index.php\/wp-json\/wp\/v2\/media\/1040"}],"wp:attachment":[{"href":"https:\/\/kamaun.at\/index.php\/wp-json\/wp\/v2\/media?parent=2659"}],"curies":[{"name":"wp","href":"https:\/\/api.w.org\/{rel}","templated":true}]}}