{"id":192,"date":"2024-07-12T13:50:51","date_gmt":"2024-07-12T12:50:51","guid":{"rendered":"https:\/\/kamaun.at\/?page_id=192"},"modified":"2025-07-08T01:37:42","modified_gmt":"2025-07-08T00:37:42","slug":"impressum","status":"publish","type":"page","link":"https:\/\/kamaun.at\/index.php\/impressum\/","title":{"rendered":"Impressum &#8211; kamaun.at &#8211; K-IT Pro FX"},"content":{"rendered":"<h2><span style=\"font-family: arial, helvetica, sans-serif;\">Impressum<\/span><\/h2>\n<p><span style=\"font-family: arial, helvetica, sans-serif;\">Impressum, Informationspflicht laut \u00a75 E-Commerce Gesetz, \u00a714 Unternehmensgesetzbuch, \u00a763 Gewerbeordnung und Offenlegungspflicht laut \u00a725 Mediengesetz.<\/span><br \/>\n<span style=\"font-family: arial, helvetica, sans-serif;\">C. Kamaun<\/span><span style=\"font-family: arial, helvetica, sans-serif;\"><br \/>\n<\/span><span style=\"font-family: arial, helvetica, sans-serif;\">1110 Wien,<\/span>\u00a0<span style=\"font-family: arial, helvetica, sans-serif;\">\u00d6sterreich<br \/>\n<\/span><span style=\"font-family: arial, helvetica, sans-serif;\">E-Mail: info(a)kamaun.at<\/span><br \/>\n<span style=\"font-family: arial, helvetica, sans-serif;\">Unternehmensgegenstand: Private unverbindliche Informationen zu CFD &amp; FX Trading<\/span><br \/>\n<span style=\"font-family: arial, helvetica, sans-serif;\">Bezeichnung: Kostenlose pers\u00f6nliche Tipps &#8211; allgemeine Infos zu CFD und FX Trading!<\/span><\/p>\n<div class=\"elementor-element elementor-element-7802d84 elementor-widget elementor-widget-heading\" data-id=\"7802d84\" data-element_type=\"widget\" data-widget_type=\"heading.default\">\n<div class=\"elementor-widget-container\">\n<h3 class=\"elementor-heading-title elementor-size-default\">Risikohinweis<\/h3>\n<\/div>\n<\/div>\n<div class=\"elementor-element elementor-element-7e7f16a elementor-widget elementor-widget-text-editor\" data-id=\"7e7f16a\" data-element_type=\"widget\" data-widget_type=\"text-editor.default\">\n<div class=\"elementor-widget-container\">\n<div class=\"elementor-text-editor elementor-clearfix\">\n<p>Der Handel mit Futures, Aktien, Devisen und CFDs auf Margin ist mit sehr hohem Risiko verbunden und m\u00f6glicherweise nicht f\u00fcr Sie geeignet, da die Verluste Ihr eingesetztes Kapital \u00fcbersteigen k\u00f6nnen. Der Hebel kann gegen Sie arbeiten. Spekulieren Sie nicht mit Kapital, dessen Verlust Sie sich nicht leisten k\u00f6nnen. Seien Sie sich aller Risiken bewusst und verstehen Sie alle Risiken, die mit diesem Markt und dem Handel zusammenh\u00e4ngen. kamaun.at &#8211; K-IT PRO FX kann allgemeine Hinweise zur Verf\u00fcgung stellen, die nicht als Anlageberatung gedacht sind und nicht als solche ausgelegt werden d\u00fcrfen. Bitte konsultieren Sie einen unabh\u00e4ngigen Finanzberater. kamaun.at &#8211; K-IT PRO FX \u00fcbernimmt keine Haftung f\u00fcr Fehler, Ungenauigkeiten oder Unterlassungen; garantiert weder die Richtigkeit noch Vollst\u00e4ndigkeit der Informationen, Texte, Grafiken, Links oder anderer Angaben die in diesen Unterlagen enthalten sind.<\/p>\n<p>Bitte beachten, dass mehr als 70% aller Kleinanleger ihr Kapital verlieren, da nicht ausreichend Wissen f\u00fcr diese Finanzprodukte vorhanden ist. Passen sie st\u00e4ndig ihre Hebel und die Margin ihrem Konto an und verstehen sie das Risiko!<\/p>\n<p>K-IT PRO FX stellt seinen Mitgliedern sehr viele Lehrunterlagen zur Verf\u00fcgung und betreut auch gerne pers\u00f6nlich, dies bedeutet jedoch nicht automatisch, dass dadurch alle Finanzinstrumente verstanden werden!<\/p>\n<\/div>\n<\/div>\n<\/div>\n<div class=\"elementor-element elementor-element-e3fd691 elementor-widget elementor-widget-heading\" data-id=\"e3fd691\" data-element_type=\"widget\" data-widget_type=\"heading.default\">\n<div class=\"elementor-widget-container\">\n<h3 class=\"elementor-heading-title elementor-size-default\">Disclaimer<\/h3>\n<\/div>\n<\/div>\n<div class=\"elementor-element elementor-element-4dfed85 elementor-widget elementor-widget-text-editor\" data-id=\"4dfed85\" data-element_type=\"widget\" data-widget_type=\"text-editor.default\">\n<div class=\"elementor-widget-container\">\n<div class=\"elementor-text-editor elementor-clearfix\">\n<p>Alle Angaben geben die spezifischen Erlebnisse der Kunden sowwie die pers\u00f6nliche Einsch\u00e4tzung von K-IT Pro FX wieder und m\u00fcssen weder typisch sein, noch k\u00f6nnen diese Resultate garantiert werden. Ich verspreche NICHT, dass Du sofort und in jedem Fall das gleiche Ergebnis erzielen wirst. Aber ich werde pers\u00f6nliche Tipps zur Verf\u00fcgung stellen, die in jedem Fall beim Aufbau eines Trading Business helfen. Nat\u00fcrlich sind die Infos durch langj\u00e4hrige Erfahrung bzw. Fundamental- und Chart Analysen und den Austausch mit Experten entstanden. Beitr\u00e4ge meiner Kunden werden nur auf die allgemeinen Richtlinien gegen Hass und Diskriminierung gepr\u00fcft und ansonsten unverf\u00e4lscht wieder gegeben bzw. eingestellt! Bitte beachten, dass diese Infos keine Garantie f\u00fcr neuerlichen bzw. gleichen Erfolg darstellen sollen!<\/p>\n<\/div>\n<\/div>\n<\/div>\n<h3><span style=\"font-family: arial, helvetica, sans-serif;\">EU-Streitschlichtung<\/span><\/h3>\n<p><span style=\"font-family: arial, helvetica, sans-serif;\">Angaben zur Online-Streitbeilegung: Verbraucher haben die M\u00f6glichkeit, Beschwerden an die OnlineStreitbeilegungsplattform der EU zu richten: https:\/\/ec.europa.eu\/consumers\/odr\/main\/index.cfm?event=main.home2.show&amp;lng=DE. Sie k\u00f6nnen allf\u00e4llige Beschwerde auch an die oben angegebene E-Mail-Adresse richten.<\/span><\/p>\n<h3><span style=\"font-family: arial, helvetica, sans-serif;\">Haftung f\u00fcr Inhalte dieser Webseite<\/span><\/h3>\n<p><span style=\"font-family: arial, helvetica, sans-serif;\">Wir entwickeln die Inhalte dieser Webseite st\u00e4ndig weiter und bem\u00fchen uns korrekte und aktuelle Informationen bereitzustellen. Leider k\u00f6nnen wir keine Haftung f\u00fcr die Korrektheit aller Inhalte auf dieser Webseite \u00fcbernehmen, speziell f\u00fcr jene die seitens Dritter bereitgestellt werden. Sollten Dir problematische oder rechtswidrige Inhalte auffallen, bitte ich Dich uns umgehend zu kontaktieren, Du findest die Kontaktdaten im Impressum.<\/span><\/p>\n<h3><span style=\"font-family: arial, helvetica, sans-serif;\">Haftung f\u00fcr Links auf dieser Webseite<\/span><\/h3>\n<p><span style=\"font-family: arial, helvetica, sans-serif;\">Unsere Webseite enth\u00e4lt Links zu anderen Webseiten f\u00fcr deren Inhalt wir nicht verantwortlich sind. Wenn Ihnen rechtswidrige Links auf unserer Webseite auffallen, bitte ich Dich uns umgehend zu kontaktieren,\u00a0 Du findest die Kontaktdaten im Impressum.<\/span><\/p>\n<h3><span style=\"font-family: arial, helvetica, sans-serif;\">Urheberrechtshinweis<\/span><\/h3>\n<p><span style=\"font-family: arial, helvetica, sans-serif;\">Alle Inhalte dieser Webseite (Bilder, Fotos, Texte, Videos) unterliegen dem Urheberrecht. Falls notwendig, werden wir die unerlaubte Nutzung von Teilen der Inhalte unserer Seite rechtlich verfolgen.<\/span><\/p>\n<h3><span style=\"font-family: arial, helvetica, sans-serif;\">Bildernachweis<\/span><\/h3>\n<p><span style=\"font-family: arial, helvetica, sans-serif;\">Die Bilder, Fotos und Grafiken auf dieser Webseite sind urheberrechtlich gesch\u00fctzt.<\/span><br \/>\n<span style=\"font-family: arial, helvetica, sans-serif;\">Die Bilderrechte liegen bei den folgenden Fotografen und Unternehmen:<\/span><br \/>\n<span style=\"font-family: arial, helvetica, sans-serif;\">Fotograf &amp; Bildgestalter Christian \u201eChrisnew\u201c Kamaun<\/span><br \/>\n<span style=\"font-family: arial, helvetica, sans-serif;\">Abweichende Informationen werden bei den jeweiligen Bildern vermerkt<\/span><\/p>\n<p><span style=\"font-family: arial, helvetica, sans-serif; font-size: 10pt;\">Quelle: Erstellt mit dem Impressum Generator von firmenwebseiten.at in Kooperation mit ishopy.eu<\/span><\/p>\n","protected":false},"excerpt":{"rendered":"<p>Impressum Impressum, Informationspflicht laut \u00a75 E-Commerce Gesetz, \u00a714 Unternehmensgesetzbuch, \u00a763 Gewerbeordnung und Offenlegungspflicht laut \u00a725 Mediengesetz. C. Kamaun 1110 Wien,\u00a0\u00d6sterreich E-Mail: info(a)kamaun.at Unternehmensgegenstand: Private unverbindliche Informationen zu CFD &amp; FX Trading Bezeichnung: Kostenlose pers\u00f6nliche Tipps &#8211; allgemeine Infos zu CFD und FX Trading! Risikohinweis Der Handel mit Futures, Aktien, Devisen und CFDs auf Margin ist&hellip; <br \/> <a class=\"read-more\" href=\"https:\/\/kamaun.at\/index.php\/impressum\/\">Read more<\/a><\/p>\n","protected":false},"author":2,"featured_media":1038,"parent":0,"menu_order":0,"comment_status":"closed","ping_status":"closed","template":"","meta":{"footnotes":""},"class_list":["post-192","page","type-page","status-publish","has-post-thumbnail","hentry"],"jetpack_sharing_enabled":true,"jetpack_shortlink":"https:\/\/wp.me\/Pa4fpK-36","_links":{"self":[{"href":"https:\/\/kamaun.at\/index.php\/wp-json\/wp\/v2\/pages\/192","targetHints":{"allow":["GET"]}}],"collection":[{"href":"https:\/\/kamaun.at\/index.php\/wp-json\/wp\/v2\/pages"}],"about":[{"href":"https:\/\/kamaun.at\/index.php\/wp-json\/wp\/v2\/types\/page"}],"author":[{"embeddable":true,"href":"https:\/\/kamaun.at\/index.php\/wp-json\/wp\/v2\/users\/2"}],"replies":[{"embeddable":true,"href":"https:\/\/kamaun.at\/index.php\/wp-json\/wp\/v2\/comments?post=192"}],"version-history":[{"count":10,"href":"https:\/\/kamaun.at\/index.php\/wp-json\/wp\/v2\/pages\/192\/revisions"}],"predecessor-version":[{"id":19850,"href":"https:\/\/kamaun.at\/index.php\/wp-json\/wp\/v2\/pages\/192\/revisions\/19850"}],"wp:featuredmedia":[{"embeddable":true,"href":"https:\/\/kamaun.at\/index.php\/wp-json\/wp\/v2\/media\/1038"}],"wp:attachment":[{"href":"https:\/\/kamaun.at\/index.php\/wp-json\/wp\/v2\/media?parent=192"}],"curies":[{"name":"wp","href":"https:\/\/api.w.org\/{rel}","templated":true}]}}